{"id":1164,"date":"2015-05-07T18:37:39","date_gmt":"2015-05-07T16:37:39","guid":{"rendered":"http:\/\/vonheidus.bplaced.net\/piko\/\/?page_id=1164"},"modified":"2025-03-28T19:19:17","modified_gmt":"2025-03-28T18:19:17","slug":"links","status":"publish","type":"page","link":"https:\/\/piko-n-bahn.de\/?page_id=1164","title":{"rendered":"Links"},"content":{"rendered":"\n<h2 class=\"wp-block-heading has-text-align-center\">Banner von PIKO-N-Bahn auf ihre Seite setzen.<\/h2>\n\n\n\n<div class=\"wp-block-columns is-layout-flex wp-container-core-columns-is-layout-9d6595d7 wp-block-columns-is-layout-flex\">\n<div class=\"wp-block-column is-layout-flow wp-block-column-is-layout-flow\">\n<p class=\"has-text-align-center\">Wenn Euch diese Seiten gefallen, k\u00f6nnt ihr gern auch diese Seite verlinken. Wer m\u00f6chte kann nebenstehenden Text als &#8222;html&#8220; einf\u00fcgen und bekommt dann ein Banner angezeigt.<\/p>\n<\/div>\n\n\n\n<div class=\"wp-block-column is-layout-flow wp-block-column-is-layout-flow\">\n<p class=\"has-text-align-center\">&lt;p style=&#8220;text-align: center;&#8220;&gt;&lt;a href=&#8220;http:\/\/piko-n-bahn.de\/&#8220; target=&#8220;_blank&#8220; rel=&#8220;noopener noreferrer&#8220;&gt;&lt;img src=&#8220;http:\/\/www.piko-n-bahn.de\/wp-content\/Banner.png&#8220; border=&#8220;0&#8243; \/&gt;&lt;\/a&gt;&lt;\/p&gt;<\/p>\n<\/div>\n<\/div>\n\n\n<div class=\"wp-block-image\">\n<figure class=\"aligncenter\"><a href=\"http:\/\/piko-n-bahn.de\/\" target=\"_blank\" rel=\"noreferrer noopener\"><img decoding=\"async\" src=\"http:\/\/www.piko-n-bahn.de\/wp-content\/Banner.png\" alt=\"\"\/><\/a><figcaption class=\"wp-element-caption\">Banner von  Piko-N-Bahn.de<\/figcaption><\/figure>\n<\/div>\n\n\n<h2 class=\"wp-block-heading has-text-align-center\">Woanders geht es weiter &#8230;<\/h2>\n\n\n\n<h4 class=\"wp-block-heading\">Datenbanken<\/h4>\n\n\n\n<ul class=\"wp-block-list\">\n<li><a href=\"http:\/\/www.1zu160.net\/index.php\" target=\"_blank\" rel=\"noreferrer noopener\"><strong>1zu160 \u2013 Das N-Spur Portal<\/strong><\/a> 1zu160.info \u2013 das Portal f\u00fcr alle freunde der modellbahn in spur n mit infos, tipps und anregungen f\u00fcr einsteiger und Profis.<\/li>\n<\/ul>\n\n\n<div class=\"wp-block-image\">\n<figure class=\"aligncenter\"><a href=\"http:\/\/www.1zu160.net\/\" target=\"_blank\" rel=\"noreferrer noopener\"><img decoding=\"async\" src=\"http:\/\/www.1zu160.net\/banner\/1zu160.gif\" alt=\"Das Spur N Portal\"\/><\/a><\/figure>\n<\/div>\n\n\n<ul class=\"wp-block-list\">\n<li><a href=\"http:\/\/www.spurweite-n.de\/\" target=\"_blank\" rel=\"noreferrer noopener\"><strong>Spurweite-n<\/strong><\/a> Tipps, Erfahrungen und News rund ums Thema Modelleisenbahn in Spur N \u2013 Mit der Spur-N-Datenbank der Sammlung von Loks, Wagen, Triebwagen, Sets und Stra\u00dfenbahnen f\u00fcr Modellbahn in Spur N.<\/li>\n\n\n\n<li><a href=\"http:\/\/www.spur-n-datenbank.de\/\" target=\"_blank\" rel=\"noreferrer noopener\"><strong>Spur N Datenbank<\/strong><\/a> Sammlerdatenbank, zwar hauts\u00e4chlich Rocco, aber auch alle Piko-Modelle der Neuzeit (ab 2008) .<\/li>\n\n\n\n<li><a href=\"http:\/\/www.moba-trickkiste.de\/wie-macht-man-planen\/datenbank-gleisplaene.html?id=290&amp;task=view&amp;total=140&amp;start=28\" target=\"_blank\" rel=\"noreferrer noopener\"><strong>Gleisplan-Datenbank f\u00fcr alle Spuren \u2013 Die MoBa \u2013 Trickkiste<\/strong><\/a> Gleisplan-Datenbank als Sammlung und Archiv f\u00fcr Gleispl\u00e4ne aller Spurweiten<\/li>\n\n\n\n<li><a href=\"https:\/\/www.modellbau-wiki.de\/wiki\/Hauptseite\"><strong>modellbau-wiki.de<\/strong><\/a> &#8211; Nachschlagewerk f\u00fcr Modelleisenbahnen und Co<br \/><\/li>\n<\/ul>\n\n\n\n<h4 class=\"wp-block-heading\">Sammlerseiten<\/h4>\n\n\n\n<ul class=\"wp-block-list\">\n<li><a href=\"https:\/\/valentinsddrmodellbahn.wordpress.com\/\" target=\"_blank\" rel=\"noreferrer noopener\"><strong>Valentins (N) Ostalgie Modellbahn<\/strong><\/a> Eine PIKO Spur N-Anlage aus DDR-Material entsteht<\/li>\n\n\n\n<li><a href=\"https:\/\/mojepiko.cz\/\" data-type=\"link\" data-id=\"https:\/\/mojepiko.cz\/\" target=\"_blank\" rel=\"noreferrer noopener\"><strong>Tschechische Sammlerseite<\/strong> <\/a><\/li>\n\n\n\n<li>eine <a href=\"https:\/\/nscalehistory.wordpress.com\/\" target=\"_blank\" rel=\"noreferrer noopener\"><strong>weitere Seite<\/strong><\/a> vom Nachbarn <br \/><\/li>\n<\/ul>\n\n\n\n<h4 class=\"wp-block-heading\">Video-Kan\u00e4le<\/h4>\n\n\n\n<ul class=\"wp-block-list\">\n<li><a href=\"https:\/\/www.youtube.com\/@valentinsn-ostalgiemodellbahn\"><strong>Valentins N-Ostalgie Modellbahn &#8211; YouTube<\/strong><\/a><\/li>\n\n\n\n<li><a href=\"https:\/\/www.youtube.com\/@bahnandmore6574\"><strong>Bahn and more &#8211; YouTube<\/strong><\/a><\/li>\n\n\n\n<li><a href=\"https:\/\/www.youtube.com\/@jensuwe.ossmann\"><strong>Jens-Uwe O\u00dfmann &#8211; YouTube<\/strong><\/a> Piko N und Olsenbande !<br \/><\/li>\n<\/ul>\n\n\n\n<h4 class=\"wp-block-heading\">Hersteller Rollmaterial<\/h4>\n\n\n\n<ul class=\"wp-block-list\">\n<li><a href=\"http:\/\/de.arnold.hornbyinternational.com\/\" target=\"_blank\" rel=\"noreferrer noopener\"><strong>Arnold Modelleisenbahn<\/strong><\/a> Lokomotiven, Personenwagen und Waggons von Arnold Modelleisenbahnen.<\/li>\n\n\n\n<li><a href=\"https:\/\/www.brawa.de\/produkte\/?tx_konfigurator_produktuebersicht%5Bspur%5D=N\" target=\"_blank\" rel=\"noreferrer noopener\"><strong>Brawa<\/strong><\/a> Modellhersteller<\/li>\n\n\n\n<li><a href=\"http:\/\/www.fleischmann.de\/produkteshop\/spur-n-katalog-2011\/deutsch.html\" target=\"_blank\" rel=\"noreferrer noopener\"><strong>Fleischmann \u2013 Modelleisenbahnen<\/strong><\/a> Modellhersteller<\/li>\n\n\n\n<li><a href=\"http:\/\/www.maerklin.de\/de\/produkte.html\" target=\"_blank\" rel=\"noreferrer noopener\"><strong>M\u00e4rklin<\/strong><\/a> Der Klassiker der Hersteller<\/li>\n\n\n\n<li><a href=\"http:\/\/www.piko-shop.de\/index.php?vw_type=301&amp;vw_id=50&amp;vw_name=detail\" target=\"_blank\" rel=\"noreferrer noopener\"><strong>PIKO<\/strong><\/a> Piko-Gmbh \u2013 jetzt auch wieder Modelle in N<\/li>\n\n\n\n<li><a href=\"http:\/\/www.roco.co.at\/\" target=\"_blank\" rel=\"noreferrer noopener\"><strong>Roco<\/strong><\/a> (baut keine N-Spur mehr) Roco steht fuer Visionen und Innovationen in der Modelleisenbahnszene.<\/li>\n\n\n\n<li><a href=\"http:\/\/www.trix.de\/\" target=\"_blank\" rel=\"noreferrer noopener\"><strong>Trix \u2013 Minitrix<\/strong><\/a> Trix Online: Der Internet-Server der Gebr. M\u00e4rklin GmbH<\/li>\n\n\n\n<li><a href=\"http:\/\/www.tt-club-modellbahn.de\/\" target=\"_blank\" rel=\"noreferrer noopener\"><strong>TT-Club<\/strong><\/a> Kleinserienhersteller, f\u00fchrt die DDR-Modelle der Rekowagen von Hosse fort <strong>(Seite nicht mehr aufrufbar!!<\/strong>)<br \/><\/li>\n<\/ul>\n\n\n\n<h4 class=\"wp-block-heading\">Hersteller Zubeh\u00f6r<\/h4>\n\n\n\n<ul class=\"wp-block-list\">\n<li><a href=\"http:\/\/www.auhagen.de\/inhalt\/cms\/front_content.php\" target=\"_blank\" rel=\"noreferrer noopener\"><strong>Auhagen<\/strong><\/a> Die Auhagen GmbH , Marienberg \/ Sachsen, liefert Modellbahnzubeh\u00f6r in den Nenngr\u00f6\u00dfen H0, TT und N. Dazu geh\u00f6ren Geb\u00e4udemodelle (Kunststoff und Karton), Hintergrundkulissen, Landschaftsgestaltungsmaterial, Selbstbaumaterial, Ladeg\u00fcter f\u00fcr Modellbahnen, Elektroartikel sowie Werkzeuge und Klebstoffe. Auch ein beschr\u00e4nktes Weihnachtsartikel-Sortiment wird angeboten.<\/li>\n\n\n\n<li><a href=\"http:\/\/www.busch-model.com\/\" target=\"_blank\" rel=\"noreferrer noopener\"><strong>Busch<\/strong><\/a> Busch ist ein Hersteller von Spielwaren. U. a. werden Zubeh\u00f6r f\u00fcr elektrische Modelleisenbahnen, Automodelle, Puppen und Zubeh\u00f6r, Bastelartikel, Walkie Talkies, Cassetten-Recorder und CD-Player angeboten.<\/li>\n\n\n\n<li><a href=\"http:\/\/www.ee-designz.de\/EED\/index.php\/component\/virtuemart\/spurweite-n.html?Itemid=0\" target=\"_blank\" rel=\"noreferrer noopener\"><strong>EE-Designz<\/strong><\/a> Einfach mehr Platz f\u00fcr Details &#8211; Lasercut Modelle<\/li>\n\n\n\n<li><a href=\"http:\/\/www.faller.de\/App\/WebObjects\/XSeMIPS.woa\/cms\/page\/pid.14.17.89\/agid.1128\/ecm.ag\/N-Programm.html\" target=\"_blank\" rel=\"noreferrer noopener\"><strong>FALLER \u2013 N<\/strong><\/a> FALLER \u2013 Wir bauen die Welt im Modell<\/li>\n\n\n\n<li><a href=\"http:\/\/rire-modelle.de\/neu\/\" target=\"_blank\" rel=\"noreferrer noopener\"><strong>Kibri<\/strong><\/a> Die offizielle Webseite von KIBRI \u2013 mit Online-Shop und vielen Informationen rund um Modelle und Modellbau\u2026<\/li>\n\n\n\n<li><a href=\"http:\/\/www.modellmanufaktur-beckert.de\/\" target=\"_blank\" rel=\"noreferrer noopener\"><strong>Modellmanufaktur Beckert<\/strong><\/a> Beckert\u2019s Modelle f\u00fcr Ihre Modellbahn, f\u00fcr Ausstellung und Pr\u00e4sentation in jedem Ma\u00dfstab<\/li>\n\n\n\n<li><a href=\"http:\/\/www.noch.de\/de\/\" target=\"_blank\" rel=\"noreferrer noopener\"><strong>NOCH<\/strong><\/a> Modellbahn \/ Modelleisenbahn und Modellbahnzubeh\u00f6r \/ Modellbauzubeh\u00f6r: NOCH bietet das gro\u00dfe Sortiment rund um das Modellbahn-Hobby und den Modellbahn-Landschaftsbau.<\/li>\n\n\n\n<li><a href=\"http:\/\/www.figuren.de\/\"><strong>Preiser<\/strong><\/a> Willkommen bei Preiser \u2013 dem Hersteller von Miniaturfiguren und Zubeh\u00f6r f\u00fcr die Modelleisenbahn und f\u00fcr den Modellbau<\/li>\n\n\n\n<li><a href=\"http:\/\/vollmer-online.de\/index.php\" target=\"_blank\" rel=\"noreferrer noopener\"><strong>Vollmer<\/strong><\/a>Vollmer produziert seit mehr als 50 Jahren Modellbahn Modelle f\u00fcr Spur G, HO, N. TT und Z mit Liebe zum Detail<br \/><\/li>\n<\/ul>\n\n\n\n<h4 class=\"wp-block-heading\">Software<\/h4>\n\n\n\n<ul class=\"wp-block-list\">\n<li><a rel=\"noreferrer noopener\" href=\"http:\/\/www.muellerbahn.de\/pages\/home\/modell-datenbank.php\" target=\"_blank\"><strong>Modell-Datenbank<\/strong><\/a> M\u00fcllers-NBahn<br \/><\/li>\n<\/ul>\n\n\n\n<h4 class=\"wp-block-heading\">Piko-N (DDR) kaufen<\/h4>\n\n\n\n<ul class=\"wp-block-list\">\n<li><a href=\"https:\/\/www.ebay.de\/sch\/i.html?_nkw=piko&amp;_sacat=180250&amp;_dcat=262303&amp;Spur=N&amp;_oac=1&amp;_fcid=77&amp;_sop=10&amp;_stpos=09569\" target=\"_blank\" rel=\"noreferrer noopener\"><strong>Ebay<\/strong><\/a><\/li>\n\n\n\n<li><strong><a href=\"https:\/\/www.kleinanzeigen.de\/s--spur-n--piko\/k0\" target=\"_blank\" rel=\"noreferrer noopener\">Kleinanzeigen<\/a><\/strong><\/li>\n\n\n\n<li><a href=\"https:\/\/www.hood.de\/thema\/2947909\/spur-n-piko.htm\" target=\"_blank\" rel=\"noreferrer noopener\"><strong>Hood.de<\/strong><\/a><\/li>\n\n\n\n<li> <strong><a href=\"https:\/\/www.ricardo.ch\/de\/c\/modelleisenbahnen-und-zubehoer-41174\/?attribute_groups.model_train_scale=3674&amp;attribute_groups.brand=20167070\" target=\"_blank\" rel=\"noreferrer noopener\">Ricardo.ch<\/a> <\/strong><\/li>\n\n\n\n<li><a href=\"https:\/\/www.catawiki.com\/en\/c\/387-model-trains\/909-brand\/61922-piko\/?l2_categories=397\" target=\"_blank\" rel=\"noreferrer noopener\"><strong>Catawiki.com<\/strong><\/a><\/li>\n<\/ul>\n\n\n\n<hr class=\"wp-block-separator has-css-opacity\"\/>\n\n\n\n<p class=\"has-text-align-center\">ACHTUNG:<br \/>Ich distanziere mich von jeglichen eventuell bedenklichen Inhalten der verlinkten Seiten. Die Links dienen rein informatorischen Zwecken.<\/p>\n\n\n\n<hr class=\"wp-block-separator has-css-opacity\"\/>\n\n\n\n<p class=\"has-text-align-center\">Wer kennt weitere Interessante Seiten zum Thema Modellbahn?<br \/>Einfach die Kommentarfunktion benutzen und Link schicken!<br \/>Gern auch eure private Modellbahnseite.<\/p>\n\n\n\n<hr class=\"wp-block-separator has-css-opacity\"\/>\n\n\n\n<p class=\"has-text-align-right has-small-font-size\">letzte Bearbeitung: 26.03.2023<\/p>\n\n\n\n<p><\/p>\n","protected":false},"excerpt":{"rendered":"<p>Banner von PIKO-N-Bahn auf ihre Seite setzen. Wenn Euch diese Seiten gefallen, k\u00f6nnt ihr gern auch diese Seite verlinken. Wer m\u00f6chte kann nebenstehenden Text als &hellip; <\/p>\n","protected":false},"author":1,"featured_media":0,"parent":0,"menu_order":184,"comment_status":"open","ping_status":"open","template":"","meta":{"_uag_custom_page_level_css":"","footnotes":""},"class_list":["post-1164","page","type-page","status-publish","hentry"],"uagb_featured_image_src":{"full":false,"thumbnail":false,"medium":false,"medium_large":false,"large":false,"gs-tiny":false,"xl":false,"xxl":false,"xxxl":false,"xxxxl":false,"xxxxxl":false,"1536x1536":false,"2048x2048":false,"classic-grid-listing":false,"classic-list-listing":false,"modern-grid-listing":false,"product-page-image":false,"product-category-page-image":false,"bam-large":false,"bam-featured":false,"bam-list":false,"bam-thumb":false,"bam-small":false,"mailpoet_newsletter_max":false,"tptn_thumbnail":false},"uagb_author_info":{"display_name":"Harald","author_link":"https:\/\/piko-n-bahn.de\/?author=1"},"uagb_comment_info":3,"uagb_excerpt":"Banner von PIKO-N-Bahn auf ihre Seite setzen. Wenn Euch diese Seiten gefallen, k\u00f6nnt ihr gern auch diese Seite verlinken. Wer m\u00f6chte kann nebenstehenden Text als &hellip;","_links":{"self":[{"href":"https:\/\/piko-n-bahn.de\/index.php?rest_route=\/wp\/v2\/pages\/1164","targetHints":{"allow":["GET"]}}],"collection":[{"href":"https:\/\/piko-n-bahn.de\/index.php?rest_route=\/wp\/v2\/pages"}],"about":[{"href":"https:\/\/piko-n-bahn.de\/index.php?rest_route=\/wp\/v2\/types\/page"}],"author":[{"embeddable":true,"href":"https:\/\/piko-n-bahn.de\/index.php?rest_route=\/wp\/v2\/users\/1"}],"replies":[{"embeddable":true,"href":"https:\/\/piko-n-bahn.de\/index.php?rest_route=%2Fwp%2Fv2%2Fcomments&post=1164"}],"version-history":[{"count":21,"href":"https:\/\/piko-n-bahn.de\/index.php?rest_route=\/wp\/v2\/pages\/1164\/revisions"}],"predecessor-version":[{"id":17124,"href":"https:\/\/piko-n-bahn.de\/index.php?rest_route=\/wp\/v2\/pages\/1164\/revisions\/17124"}],"wp:attachment":[{"href":"https:\/\/piko-n-bahn.de\/index.php?rest_route=%2Fwp%2Fv2%2Fmedia&parent=1164"}],"curies":[{"name":"wp","href":"https:\/\/api.w.org\/{rel}","templated":true}]}}