{"id":12169,"date":"2020-01-08T08:28:16","date_gmt":"2020-01-08T07:28:16","guid":{"rendered":"http:\/\/piko-n-bahn.de\/?page_id=12169"},"modified":"2022-12-09T21:11:09","modified_gmt":"2022-12-09T20:11:09","slug":"personenwagen-2","status":"publish","type":"page","link":"https:\/\/piko-n-bahn.de\/?page_id=12169","title":{"rendered":"Personenwagen"},"content":{"rendered":"\n<h2 class=\"has-text-align-center wp-block-heading\">Die Personenwagen von Piko<\/h2>\n\n\n\n<p><a href=\"http:\/\/piko-n-bahn.de\/wp-content\/uploads\/2018\/01\/SSalms-Contgrau.jpg\">&nbsp;<\/a><\/p>\n\n\n\n<p class=\"has-text-align-center\">Die Palette der Personenwagen reicht von den historischen Abteilwagen \u00fcber die beliebten Doppelstockwagen der DR bis zu den damals modernen Schnellzugwagen der Y-Baureihe.<\/p>\n\n\n\n<p class=\"has-text-align-center\">Allerdings, die ersten \u201cPiko\u201d-Personenwagen&nbsp; hat Piko&nbsp; gar nicht selbst hergestellt. Vielmehr wurden die ersten&nbsp; Abteil- und Durchgangspersonenwagen bereits in den 60zigern, zun\u00e4chst noch mit Hakenkupplung, von der Firma&nbsp;<strong>Herbert Stein Kg<\/strong>&nbsp;entwickelt und produziert. Nach 1972 firmierte diese nach der Verstaatlichung unter dem Namen&nbsp;<strong>VEB Leipziger Modellbau<\/strong>. Auch der Name&nbsp;<strong>VEB Famos Leipzig<\/strong>&nbsp;taucht im Zusammenhang mit diesen Modellen auf. Dieser scheint die j\u00fcngste Bezeichnung f\u00fcr den Hersteller zu sein. Die Hersteller-Kennzahl in der HSL-Nummer ist zumindest die gleiche wie bei den vorher genannten.<\/p>\n\n\n\n<p class=\"has-text-align-center\">Piko selbst produzierte nur die Einheitsnebenbahnwagen Bi24, die Ammendorfer Weitstreckenwagen und die beliebten Doppelstockwagen.<\/p>\n\n\n\n<p class=\"has-text-align-center\">Die Y-wagen wurden von der Firma&nbsp;<strong>Schicht<\/strong>&nbsp;f\u00fcr Piko produziert. Auf einigen Verpackungen (mit Styropur-Inlett) war auch der Name Schicht aufgedruckt.&nbsp;Nach dem Konkurs von&nbsp;<strong>Schicht<\/strong>&nbsp;1970 \u00fcbernahm Piko die Produktion an der Produktionsst\u00e4tte in Dresden.<\/p>\n\n\n\n<p class=\"has-text-align-center\">In den 80ziger Jahren wurde etliche Modelle dann vom\u00a0<strong>VEB Prefo Dresden<\/strong>\u00a0bzw.\u00a0<strong>VEB Perfekta Bautzen\u00a0<\/strong>produziert. Diese erkennt man daran, da\u00df die Modelle nicht mehr lackiert wurden, sondern lediglich aus gef\u00e4rbten Plaste hergestellte Wagonk\u00f6rper mit Fahrzeugdaten bedruckt wurde.<\/p>\n\n\n\n<p class=\"has-text-align-center\">Die Modelle der &nbsp;Hersteller<strong>&nbsp;Schicht<\/strong>&nbsp;und&nbsp;<strong>Herbert Stein Kg \/ VEB Leipziger Modellbau<\/strong>&nbsp;sind auch an den Piko-Katalog und Piko -Binnenhandelsnummern erkennbar.<\/p>\n","protected":false},"excerpt":{"rendered":"<p>Die Personenwagen von Piko &nbsp; Die Palette der Personenwagen reicht von den historischen Abteilwagen \u00fcber die beliebten Doppelstockwagen der DR bis zu den damals modernen &hellip; <\/p>\n","protected":false},"author":1,"featured_media":0,"parent":13,"menu_order":19,"comment_status":"closed","ping_status":"closed","template":"","meta":{"_uag_custom_page_level_css":"","footnotes":""},"class_list":["post-12169","page","type-page","status-publish","hentry"],"uagb_featured_image_src":{"full":false,"thumbnail":false,"medium":false,"medium_large":false,"large":false,"gs-tiny":false,"xl":false,"xxl":false,"xxxl":false,"xxxxl":false,"xxxxxl":false,"1536x1536":false,"2048x2048":false,"classic-grid-listing":false,"classic-list-listing":false,"modern-grid-listing":false,"product-page-image":false,"product-category-page-image":false,"bam-large":false,"bam-featured":false,"bam-list":false,"bam-thumb":false,"bam-small":false,"mailpoet_newsletter_max":false,"tptn_thumbnail":false},"uagb_author_info":{"display_name":"Harald","author_link":"https:\/\/piko-n-bahn.de\/?author=1"},"uagb_comment_info":0,"uagb_excerpt":"Die Personenwagen von Piko &nbsp; Die Palette der Personenwagen reicht von den historischen Abteilwagen \u00fcber die beliebten Doppelstockwagen der DR bis zu den damals modernen &hellip;","_links":{"self":[{"href":"https:\/\/piko-n-bahn.de\/index.php?rest_route=\/wp\/v2\/pages\/12169","targetHints":{"allow":["GET"]}}],"collection":[{"href":"https:\/\/piko-n-bahn.de\/index.php?rest_route=\/wp\/v2\/pages"}],"about":[{"href":"https:\/\/piko-n-bahn.de\/index.php?rest_route=\/wp\/v2\/types\/page"}],"author":[{"embeddable":true,"href":"https:\/\/piko-n-bahn.de\/index.php?rest_route=\/wp\/v2\/users\/1"}],"replies":[{"embeddable":true,"href":"https:\/\/piko-n-bahn.de\/index.php?rest_route=%2Fwp%2Fv2%2Fcomments&post=12169"}],"version-history":[{"count":1,"href":"https:\/\/piko-n-bahn.de\/index.php?rest_route=\/wp\/v2\/pages\/12169\/revisions"}],"predecessor-version":[{"id":14614,"href":"https:\/\/piko-n-bahn.de\/index.php?rest_route=\/wp\/v2\/pages\/12169\/revisions\/14614"}],"up":[{"embeddable":true,"href":"https:\/\/piko-n-bahn.de\/index.php?rest_route=\/wp\/v2\/pages\/13"}],"wp:attachment":[{"href":"https:\/\/piko-n-bahn.de\/index.php?rest_route=%2Fwp%2Fv2%2Fmedia&parent=12169"}],"curies":[{"name":"wp","href":"https:\/\/api.w.org\/{rel}","templated":true}]}}