{"id":13,"date":"2015-03-29T19:54:57","date_gmt":"2015-03-29T17:54:57","guid":{"rendered":"http:\/\/vonheidus.bplaced.net\/piko\/\/?page_id=13"},"modified":"2024-12-23T21:16:33","modified_gmt":"2024-12-23T20:16:33","slug":"modelle","status":"publish","type":"page","link":"https:\/\/piko-n-bahn.de\/?page_id=13","title":{"rendered":"Piko-Modelle"},"content":{"rendered":"\n<h2 class=\"wp-block-heading has-text-align-center\">PIKO N<br \/>Made in GDR<\/h2>\n\n\n\n<p>.<\/p>\n\n\n\n<p class=\"has-text-align-center\">Die Geschichte der PIKO N Modelle begann nach offizieller Darstellung 1964.<br \/>Auf der Leipziger Messe wurde erstmals eine Zugpackung bestehend aus einer V180, einem gedeckten&nbsp; und zwei offenen G\u00fcterwagen vorgestellt. Damals mit Fallhakenkupplung.<\/p>\n\n\n<div class=\"wp-block-image\">\n<figure class=\"aligncenter\"><a href=\"http:\/\/piko-n-bahn.de\/wp-content\/uploads\/2018\/07\/Urset-HK.jpg\"><img decoding=\"async\" width=\"400\" height=\"330\" src=\"http:\/\/piko-n-bahn.de\/wp-content\/uploads\/2018\/07\/Urset-HK-400x330.jpg\" alt=\"\" class=\"wp-image-8879\" srcset=\"https:\/\/piko-n-bahn.de\/wp-content\/uploads\/2018\/07\/Urset-HK-400x330.jpg 400w, https:\/\/piko-n-bahn.de\/wp-content\/uploads\/2018\/07\/Urset-HK-150x124.jpg 150w, https:\/\/piko-n-bahn.de\/wp-content\/uploads\/2018\/07\/Urset-HK-600x495.jpg 600w, https:\/\/piko-n-bahn.de\/wp-content\/uploads\/2018\/07\/Urset-HK-364x300.jpg 364w, https:\/\/piko-n-bahn.de\/wp-content\/uploads\/2018\/07\/Urset-HK.jpg 640w\" sizes=\"(max-width: 400px) 100vw, 400px\" \/><\/a><\/figure>\n<\/div>\n\n\n<p class=\"has-text-align-center\">Jedoch l\u00e4sst sich die Geschichte noch weiter zur\u00fcckverfolgen.<br \/>Der DDR &#8211;&nbsp;Bezirk Suhl galt unter der Bev\u00f6lkerung als autonomes Gebiet. Nat\u00fcrlich nicht im eigentlichen politischen Sinn, jedoch was die Versorgung der Bev\u00f6lkerung mit sogenannten Konsumg\u00fctern betraf. Im Bezirk Suhl konnten Dinge k\u00e4uflich erworben werden, welche im Rest der DDR teilweise noch nicht einmal als B\u00fcckware zu haben waren.<br \/>Grund daf\u00fcr war die starke Export-Industrie, deren Hauptabnehmer im NSW (Nicht Sozialistischen Wirtschaftsgebiet) zu finden waren. Ein wichtiges, Devisen bringendes Exportgut waren elektromechanische Spielsachen.<br \/>So wurde&nbsp;eine Sonneberger Firma beauftragt, eine elektromechanische <strong>Spieleisenbahn<\/strong> mit einer Schienenweite von 9mm zu entwickeln. Dies geschah Ende der 50ziger Jahre. Erste Versuche sind f\u00fcr das Jahr 1958 belegt.<br \/>Als f\u00fcr die Umsetzung preiswert empfunden wurden neu entwickelte Technologien in Kunststoffspritzguss. Bei einem Vergleich mit den als <strong>Modellbahn<\/strong> deklarierten ersten Modellen von Arnold lagen die geplante Spielbahn mit einer deutlich besseren Detailierung vorn. So wurde von der Partei entschieden, das Projekt Spielbahn fallen zu lassen und die 9 mm Bahn auch als Modellbahn auf den Markt zu bringen. Die Hoffnung&nbsp;auf eine neue&nbsp;Devisenquelle war da sicher Ausschlag gebend.<\/p>\n\n\n\n<h3 class=\"wp-block-heading has-text-align-center\">Die HSL-Nummern<\/h3>\n\n\n\n<p>Piko war aber nicht alleiniger Hersteller der neuen Modellbahn. Auch andere prodizierten Fahrzeuge und Zubeh\u00f6r f\u00fcr die 9mm Spur. Den jeweiligen &nbsp;Hersteller der Modelle&nbsp;kann man noch heute &nbsp;an Hand der Handels-Schl\u00fcssel-Nummer (HSL) zu erkennen.<br \/>Diese Nummer hatte 3 Bestandteile in zun\u00e4chst folgender Art: &#8212;&#8211;\/&#8212;\/&#8212;. Die erste Ziffernfolge bezeichnete die Produktkategorie, nach dem 1. Schr\u00e4gstrich folge die Nummer der Produktionsst\u00e4tte, nach dem 2. Schr\u00e4gstrich die interne Produktnummer. Im Laufe der Zeite und vor allem im Rahmen der EDV wurden diese Nummern immer wieder angepasst.<br \/>F\u00fcr die auf dieser Seite genannten Modellhersteller vergab die DEMUSA ab 1967 diese Nummern. Wobei bis dahin auch bereits \u00e4hnliche Nummern verwendet wurden. Da es aber zu \u00dcberschneidungen gekommen war, wurde 67 neu organisiert.<br \/>Voran gestellte NULLEN wurden beim Nummern drucken auch schon mal weggelassen, so das aus einer 3-stelligen Zahl auch mal eine einstellige wurde. Z.B. bei Piko. Piko hatte die \/005\/, meist wurde nur \/5\/ geschrieben.<br \/>F\u00fcr die hier aufgef\u00fchrten Hersteller gab es folgende Ziffern:<\/p>\n\n\n\n<p>\u2026\/005\/\u2026 <a href=\"https:\/\/de.wikipedia.org\/wiki\/Piko\" target=\"_blank\" rel=\"noreferrer noopener\">PIKO Sonneberg<\/a><br \/>\u2026\/364\/\u2026 VEB Perfecta Bautzen<br \/>\u2026\/426\/\u2026 <a href=\"https:\/\/de.wikipedia.org\/wiki\/Prefo\" target=\"_blank\" rel=\"noreferrer noopener\">VEB PREFO<\/a> Dresden Werk 2 Modellbahn Oybin (VEB Modellbahn Oybin, vormals St\u00e4rz &amp; Co),<br \/>\u2026\/426\/\u2026 <a href=\"https:\/\/de.wikipedia.org\/wiki\/Schicht_(Modelleisenbahnhersteller)\" target=\"_blank\" rel=\"noreferrer noopener\">VEB Modellbahnwagen Dresden (ehem. Schicht)<\/a><br \/>\u2026\/473\/\u2026 VEB Leipziger Modellbahnbau (vorm. Herbert Stein KG)<br \/>\u2026\/479\/\u2026 VEB Famos Leipzig<\/p>\n\n\n\n<p>Zur Modellkennzeichnung verwende ich hier die bekannten Nummern aus dem Piko-Katalog 1976.<br \/>Diese Nummer besteht aus der 5\/ f\u00fcr die Firma Piko, einer vierstelligen Zahl f\u00fcr das jeweilige Produkt\/Modell und nach einem Bindestrich einer bis zu 3 Stellen langen Zahl f\u00fcr eine Unterscheidung innerhalb des Modells. In der Regel wurde mit den ersten beiden Ziffern die Bahngesellschaft bezeichnet und die 3 das jeweilge Modell. Diese letzten 3 Ziffern wurde nicht bei jedem Modell ausgereizt bzw angewendet. <\/p>\n\n\n\n<p>F\u00fcr die Bahngesellschaften standen:<\/p>\n\n\n\n<figure class=\"wp-block-table\"><table class=\"has-fixed-layout\"><tbody><tr><td>Deutsche Reichsbahn<\/td><td>&#8211; 01<\/td><\/tr><tr><td>Deutsche Bundesbahn<\/td><td>&#8211; 02, aber auch 400<\/td><\/tr><tr><td>SNCB<\/td><td>&#8211; 04<\/td><\/tr><tr><td>SNCF<\/td><td>&#8211; 05<\/td><\/tr><tr><td>DSB<\/td><td>&#8211; 06<\/td><\/tr><tr><td>NS <\/td><td>&#8211; 10<\/td><\/tr><tr><td>PKP<\/td><td>&#8211; 15<\/td><\/tr><tr><td>CFR<\/td><td>&#8211; 16<\/td><\/tr><tr><td>CSD<\/td><td>&#8211; 18<\/td><\/tr><tr><td>Sowjetische Staatsbahn<\/td><td>&#8211; 19<\/td><\/tr><tr><td>MAV<\/td><td>&#8211; 20<\/td><\/tr><tr><td>TEE<\/td><td>&#8211; unbekannt<\/td><\/tr><tr><td>SBB<\/td><td>&#8211; unbekannt<\/td><\/tr><\/tbody><\/table><\/figure>\n\n\n\n<p><\/p>\n","protected":false},"excerpt":{"rendered":"<p>PIKO NMade in GDR . Die Geschichte der PIKO N Modelle begann nach offizieller Darstellung 1964.Auf der Leipziger Messe wurde erstmals eine Zugpackung bestehend aus &hellip; <\/p>\n","protected":false},"author":1,"featured_media":0,"parent":0,"menu_order":0,"comment_status":"closed","ping_status":"closed","template":"","meta":{"_uag_custom_page_level_css":"","footnotes":""},"class_list":["post-13","page","type-page","status-publish","hentry"],"uagb_featured_image_src":{"full":false,"thumbnail":false,"medium":false,"medium_large":false,"large":false,"gs-tiny":false,"xl":false,"xxl":false,"xxxl":false,"xxxxl":false,"xxxxxl":false,"1536x1536":false,"2048x2048":false,"classic-grid-listing":false,"classic-list-listing":false,"modern-grid-listing":false,"product-page-image":false,"product-category-page-image":false,"bam-large":false,"bam-featured":false,"bam-list":false,"bam-thumb":false,"bam-small":false,"mailpoet_newsletter_max":false,"tptn_thumbnail":false},"uagb_author_info":{"display_name":"Harald","author_link":"https:\/\/piko-n-bahn.de\/?author=1"},"uagb_comment_info":0,"uagb_excerpt":"PIKO NMade in GDR . Die Geschichte der PIKO N Modelle begann nach offizieller Darstellung 1964.Auf der Leipziger Messe wurde erstmals eine Zugpackung bestehend aus &hellip;","_links":{"self":[{"href":"https:\/\/piko-n-bahn.de\/index.php?rest_route=\/wp\/v2\/pages\/13","targetHints":{"allow":["GET"]}}],"collection":[{"href":"https:\/\/piko-n-bahn.de\/index.php?rest_route=\/wp\/v2\/pages"}],"about":[{"href":"https:\/\/piko-n-bahn.de\/index.php?rest_route=\/wp\/v2\/types\/page"}],"author":[{"embeddable":true,"href":"https:\/\/piko-n-bahn.de\/index.php?rest_route=\/wp\/v2\/users\/1"}],"replies":[{"embeddable":true,"href":"https:\/\/piko-n-bahn.de\/index.php?rest_route=%2Fwp%2Fv2%2Fcomments&post=13"}],"version-history":[{"count":3,"href":"https:\/\/piko-n-bahn.de\/index.php?rest_route=\/wp\/v2\/pages\/13\/revisions"}],"predecessor-version":[{"id":16329,"href":"https:\/\/piko-n-bahn.de\/index.php?rest_route=\/wp\/v2\/pages\/13\/revisions\/16329"}],"wp:attachment":[{"href":"https:\/\/piko-n-bahn.de\/index.php?rest_route=%2Fwp%2Fv2%2Fmedia&parent=13"}],"curies":[{"name":"wp","href":"https:\/\/api.w.org\/{rel}","templated":true}]}}