{"id":13355,"date":"2021-12-19T12:23:06","date_gmt":"2021-12-19T11:23:06","guid":{"rendered":"https:\/\/piko-n-bahn.de\/?page_id=13355"},"modified":"2024-12-08T12:43:52","modified_gmt":"2024-12-08T11:43:52","slug":"deutsche-reichbahn-der-ddr","status":"publish","type":"page","link":"https:\/\/piko-n-bahn.de\/?page_id=13355","title":{"rendered":"Deutsche Reichbahn der DDR"},"content":{"rendered":"\n<h2 class=\"has-text-align-center wp-block-heading\">DR Modelle weiterer Hersteller<\/h2>\n\n\n\n<p class=\"has-text-align-center\">Da Piko nur eine begrenzte Zahl von Modellen hergestellt hat und so manches f\u00fcr das Schienennetz der Deutschen Reichsbahn der DDR typische Fahrzeug nicht in der Spur N herstellen konnte und durfte, hier auch einige Modelle anderer Hersteller.<\/p>\n\n\n\n<p class=\"has-text-align-center\">W\u00e4hrend HOSSE  und IG Met ja DDR-Wurzeln haben, und daher in separaten Men\u00fc-Punkten vorgestellt werden, sollen andere Hersteller zumindest teilweise in Bezug auf Modelle der DR aufgef\u00fchrt werden.<\/p>\n\n\n\n<p class=\"has-text-align-center\">Mein besonderes Interesse betrifft da die Kleindieselloks wie K\u00f6f, BR 103, 105\/106, sowie die V100 \u2013 Reihe.<br \/>Hinzu kommen die von der DR genutzten russ. Loks. Aber auch die Reko-Personenwagen sind von Interesse.<\/p>\n\n\n\n<p class=\"has-text-align-center\">Allerdings sind in meiner Sammlung noch einige andere Modelle untergekommen. Meist durch den Koll. Zufall gebracht. Diese Ansammlung ist nicht unbedingt einer Wertung gleich zu stellen. Sie haben sich lediglich bei mir angesammelt.<\/p>\n","protected":false},"excerpt":{"rendered":"<p>DR Modelle weiterer Hersteller Da Piko nur eine begrenzte Zahl von Modellen hergestellt hat und so manches f\u00fcr das Schienennetz der Deutschen Reichsbahn der DDR &hellip; <\/p>\n","protected":false},"author":1,"featured_media":0,"parent":20,"menu_order":0,"comment_status":"closed","ping_status":"closed","template":"","meta":{"_uag_custom_page_level_css":"","footnotes":""},"class_list":["post-13355","page","type-page","status-publish","hentry"],"uagb_featured_image_src":{"full":false,"thumbnail":false,"medium":false,"medium_large":false,"large":false,"gs-tiny":false,"xl":false,"xxl":false,"xxxl":false,"xxxxl":false,"xxxxxl":false,"1536x1536":false,"2048x2048":false,"classic-grid-listing":false,"classic-list-listing":false,"modern-grid-listing":false,"product-page-image":false,"product-category-page-image":false,"bam-large":false,"bam-featured":false,"bam-list":false,"bam-thumb":false,"bam-small":false,"mailpoet_newsletter_max":false,"tptn_thumbnail":false},"uagb_author_info":{"display_name":"Harald","author_link":"https:\/\/piko-n-bahn.de\/?author=1"},"uagb_comment_info":0,"uagb_excerpt":"DR Modelle weiterer Hersteller Da Piko nur eine begrenzte Zahl von Modellen hergestellt hat und so manches f\u00fcr das Schienennetz der Deutschen Reichsbahn der DDR &hellip;","_links":{"self":[{"href":"https:\/\/piko-n-bahn.de\/index.php?rest_route=\/wp\/v2\/pages\/13355","targetHints":{"allow":["GET"]}}],"collection":[{"href":"https:\/\/piko-n-bahn.de\/index.php?rest_route=\/wp\/v2\/pages"}],"about":[{"href":"https:\/\/piko-n-bahn.de\/index.php?rest_route=\/wp\/v2\/types\/page"}],"author":[{"embeddable":true,"href":"https:\/\/piko-n-bahn.de\/index.php?rest_route=\/wp\/v2\/users\/1"}],"replies":[{"embeddable":true,"href":"https:\/\/piko-n-bahn.de\/index.php?rest_route=%2Fwp%2Fv2%2Fcomments&post=13355"}],"version-history":[{"count":2,"href":"https:\/\/piko-n-bahn.de\/index.php?rest_route=\/wp\/v2\/pages\/13355\/revisions"}],"predecessor-version":[{"id":13362,"href":"https:\/\/piko-n-bahn.de\/index.php?rest_route=\/wp\/v2\/pages\/13355\/revisions\/13362"}],"up":[{"embeddable":true,"href":"https:\/\/piko-n-bahn.de\/index.php?rest_route=\/wp\/v2\/pages\/20"}],"wp:attachment":[{"href":"https:\/\/piko-n-bahn.de\/index.php?rest_route=%2Fwp%2Fv2%2Fmedia&parent=13355"}],"curies":[{"name":"wp","href":"https:\/\/api.w.org\/{rel}","templated":true}]}}