{"id":15787,"date":"2024-12-08T20:47:54","date_gmt":"2024-12-08T19:47:54","guid":{"rendered":"https:\/\/piko-n-bahn.de\/?page_id=15787"},"modified":"2024-12-13T08:25:34","modified_gmt":"2024-12-13T07:25:34","slug":"store","status":"publish","type":"page","link":"https:\/\/piko-n-bahn.de\/?page_id=15787","title":{"rendered":"Tausch Ecke"},"content":{"rendered":"\n<h3 class=\"wp-block-heading has-text-align-center\">Meiner Einers Tauschecke<br \/> &#8211; eventuell Abzugeben! &#8211;<\/h3>\n\n\n\n<p class=\"has-text-align-center\">Das ist alles noch in der Probierphase &#8211; <\/p>\n\n\n\n<p class=\"has-text-align-center\">Vater Staat und \u00dcbermutter EU mischen sich im Interesse &#8222;der Sch\u00f6nen und Reichen&#8220; immer mehr in unser Leben ein und wollen alle und alles kontrollieren.  Selbst das verkaufen alter Dinge bei Ebay und Co unterliegt jetzt schon dem Kontrollwahn. &#8211; Ich bin f\u00fcr Freiheit!<\/p>\n\n\n\n<div class=\"wp-block-columns is-layout-flex wp-container-core-columns-is-layout-9d6595d7 wp-block-columns-is-layout-flex\">\n<div class=\"wp-block-column is-layout-flow wp-block-column-is-layout-flow\"><div class=\"wp-block-image\">\n<figure class=\"aligncenter size-large\"><img decoding=\"async\" width=\"800\" height=\"410\" src=\"https:\/\/piko-n-bahn.de\/wp-content\/uploads\/2024\/12\/Polish_20221015_114611337-800x410.jpg\" alt=\"\" class=\"wp-image-15681\" srcset=\"https:\/\/piko-n-bahn.de\/wp-content\/uploads\/2024\/12\/Polish_20221015_114611337-800x410.jpg 800w, https:\/\/piko-n-bahn.de\/wp-content\/uploads\/2024\/12\/Polish_20221015_114611337-scaled-600x308.jpg 600w, https:\/\/piko-n-bahn.de\/wp-content\/uploads\/2024\/12\/Polish_20221015_114611337-400x205.jpg 400w, https:\/\/piko-n-bahn.de\/wp-content\/uploads\/2024\/12\/Polish_20221015_114611337-150x77.jpg 150w, https:\/\/piko-n-bahn.de\/wp-content\/uploads\/2024\/12\/Polish_20221015_114611337-768x394.jpg 768w, https:\/\/piko-n-bahn.de\/wp-content\/uploads\/2024\/12\/Polish_20221015_114611337-50x26.jpg 50w, https:\/\/piko-n-bahn.de\/wp-content\/uploads\/2024\/12\/Polish_20221015_114611337-1600x821.jpg 1600w, https:\/\/piko-n-bahn.de\/wp-content\/uploads\/2024\/12\/Polish_20221015_114611337-1536x788.jpg 1536w, https:\/\/piko-n-bahn.de\/wp-content\/uploads\/2024\/12\/Polish_20221015_114611337-2048x1050.jpg 2048w, https:\/\/piko-n-bahn.de\/wp-content\/uploads\/2024\/12\/Polish_20221015_114611337-scaled.jpg 1400w\" sizes=\"(max-width: 800px) 100vw, 800px\" \/><\/figure>\n<\/div><\/div>\n\n\n\n<div class=\"wp-block-column is-layout-flow wp-block-column-is-layout-flow\">\n<p class=\"has-text-align-center\">Bei einem Sammler und Bastler finden sich aber immer Dinge, welche nicht mehr ben\u00f6tigt werden. Die Gr\u00fcnde daf\u00fcr kann jeder selbst nachvollziehen. Solche Dinge will ich daher hier auf dieser Seite einstellen und anbieten. Manche Dinge sind da ganz konkret, andere k\u00f6nnen je nach Zeit individuell und speziell erledigt werden.<\/p>\n\n\n\n<p class=\"has-text-align-center\">Das was ihr hier seht habe ich entweder Doppelt auf Grund von Beik\u00e4ufen auf B\u00f6rsen oder bei Ebay und Co, liegt in meinen Bastelkisten nutzlos f\u00fcr mich rum oder ist die Folge von Bastelarbeiten f\u00fcr mich und meine Modelleisenbahn. Sprich ich habe es zum probieren und \u00fcben mehrmals gemacht und m\u00f6chte es jetzt nicht wegwerfen.<\/p>\n\n\n\n<h4 class=\"wp-block-heading has-text-align-center\"><strong>Aber hier wird nichts verkauft!<\/strong><br \/>Nur Getauscht!<\/h4>\n<\/div>\n<\/div>\n\n\n\n<p class=\"has-text-align-center\">Die angegebene &#8222;Preise&#8220; sind nur Zahlen, Platzhalter und orientieren sich eventuell entweder an den durchschnittlich erzielten Preisen f\u00fcr solche und \u00e4hnliche Artikel bei Ebay bzw. an Aufwand und Mindestvorstellungen meinerseits.<br \/>Wenn jemand Interesse hat, kann er mir gern einen Tauschvorschlag unter Verwendung unseres Universialtauschmittels unterbreiten. <br \/>Wenn wir uns einig werden wird getauscht.<\/p>\n\n\n\n<h2 class=\"wp-block-heading has-text-align-center\"><a href=\"https:\/\/piko-n-bahn.de\/?page_id=15843\" data-type=\"page\" data-id=\"15843\">Meiner Einer Tauschecke &#8211; Katalog <\/a><\/h2>\n\n\n\n<hr class=\"wp-block-separator has-alpha-channel-opacity\"\/>\n\n\n\n<p class=\"has-text-align-center has-small-font-size\">Und jetzt das Kleingedruckte \ud83d\ude42<br \/>Beinhaltet eigentlich selbsverst\u00e4ndliches, ist aber wegen einer geringen Zahl expliziter Zeitgenossen n\u00f6tig.<br \/>Nennt sich wo anders AGB.<br \/>Wer damit nicht einverstanden ist und es hinterher besser wei\u00df, sollte keine Angebote machen.&nbsp;<\/p>\n\n\n\n<hr class=\"wp-block-separator has-alpha-channel-opacity\"\/>\n\n\n\n<p class=\"has-text-align-center has-medium-font-size\"><strong>Das klicken auf die Katalogbeitr\u00e4ge und hinzuf\u00fcgen (add) zu Einkaufslisten ergibt KEINEN verbindlichen Tauschhandel!<\/strong> Ein Tausch kann nur durch die Absprachen \u00fcber per\u00f6nlichen Kontakt erfolgen.<\/p>\n\n\n\n<p class=\"has-text-align-center\">Bitte beachten!<\/p>\n\n\n\n<div class=\"wp-block-columns is-layout-flex wp-container-core-columns-is-layout-9d6595d7 wp-block-columns-is-layout-flex\">\n<div class=\"wp-block-column is-layout-flow wp-block-column-is-layout-flow\">\n<p class=\"has-text-align-center has-medium-font-size\"><strong>Das ist ein Privater Tausch<\/strong>, <br \/>\u00e4hnlich Privatverk\u00e4ufen laut EU(un)Recht &#8211; das hei\u00dft, es gibt keine Garantie, keine Gew\u00e4hrleistung und keine R\u00fccknahme.&nbsp;<br \/>Fotos sind Bestandteil der Beschreibung, die Artikel werden in dem Zustand&nbsp;versendet wie auf denselbigen zu sehen.&nbsp;(Ausnahme transportgerechte Demontage)<br \/>Der Artikel ist,&nbsp;<strong>wenn nicht anders angeben<\/strong>, zwar nicht unbedingt&nbsp;<strong>Neu<\/strong>&nbsp;oder&nbsp;<strong>Neuwertig,&nbsp;<\/strong>also&nbsp;<strong>gebraucht, benutzt<\/strong>&nbsp;und in dem entsprechenden Zustand mit den dazugeh\u00f6rigen Spuren, jedoch in getesteter Weise&nbsp;<strong>funktionsf\u00e4hig<\/strong>.<\/p>\n\n\n\n<p class=\"has-text-align-center\">Der Tauschanbieter ist auch nur ein Mensch und daher nicht fehlerfrei.<br \/>Sollte deshalb ein nicht bemerkter M\u00e4ngel, welcher die Funktionalit\u00e4t einschr\u00e4nkt, vorhanden sein, oder etwas wesentliches wurde leider \u00fcbersehen, darf gern eine&nbsp;<strong>Anfrage<\/strong>&nbsp;an mich<strong>&nbsp;<\/strong>wegen TauschMinderung oder R\u00fccktausch gemacht werden.<\/p>\n<\/div>\n\n\n\n<div class=\"wp-block-column is-layout-flow wp-block-column-is-layout-flow\">\n<p class=\"has-text-align-center has-medium-font-size\">Der Versanddienstleiser will nat\u00fcrlich auch was haben &#8211; <br \/>also Porto f\u00e4llt in der Regel nat\u00fcrlich auch an<br \/>:<br \/> &#8211; bis ca 20 Euro Wert als Warensendung der DP (3 Euro)<br \/> &#8211; bis 50 Euro Wert Versand als Hermes P\u00e4ckchen (5 Euro)<br \/> &#8211; h\u00f6herer Wert dann als Hermes Packet (6 Euro)<\/p>\n\n\n\n<p class=\"has-text-align-center\">Und nat\u00fcrlich kommt es auf die VolumenGr\u00f6\u00dfe an. <br \/>Versichert ist nur bei Hermes, d.h., wenn die Warensendung DP verloren geht, Pech f\u00fcr den Empf\u00e4nger &#8211; da kann ich nicht daf\u00fcr. <\/p>\n\n\n\n<p class=\"has-text-align-center\">Versand-\/Portokosten sind von einem eventuellen R\u00fccktausch ausgeschlossen. R\u00fccksendekosten tr\u00e4gt der K\u00e4ufer.<\/p>\n<\/div>\n<\/div>\n\n\n\n<p class=\"has-text-align-right\">AGB-Stand vom 09.12.2024<\/p>\n","protected":false},"excerpt":{"rendered":"<p>Meiner Einers Tauschecke &#8211; eventuell Abzugeben! &#8211; Das ist alles noch in der Probierphase &#8211; Vater Staat und \u00dcbermutter EU mischen sich im Interesse &#8222;der &hellip; <\/p>\n","protected":false},"author":529,"featured_media":0,"parent":11,"menu_order":0,"comment_status":"closed","ping_status":"closed","template":"","meta":{"_uag_custom_page_level_css":"","footnotes":""},"class_list":["post-15787","page","type-page","status-publish","hentry"],"uagb_featured_image_src":{"full":false,"thumbnail":false,"medium":false,"medium_large":false,"large":false,"gs-tiny":false,"xl":false,"xxl":false,"xxxl":false,"xxxxl":false,"xxxxxl":false,"1536x1536":false,"2048x2048":false,"classic-grid-listing":false,"classic-list-listing":false,"modern-grid-listing":false,"product-page-image":false,"product-category-page-image":false,"bam-large":false,"bam-featured":false,"bam-list":false,"bam-thumb":false,"bam-small":false,"mailpoet_newsletter_max":false,"tptn_thumbnail":false},"uagb_author_info":{"display_name":"Harald Heidenreich","author_link":"https:\/\/piko-n-bahn.de\/?author=529"},"uagb_comment_info":0,"uagb_excerpt":"Meiner Einers Tauschecke &#8211; eventuell Abzugeben! &#8211; Das ist alles noch in der Probierphase &#8211; Vater Staat und \u00dcbermutter EU mischen sich im Interesse &#8222;der &hellip;","_links":{"self":[{"href":"https:\/\/piko-n-bahn.de\/index.php?rest_route=\/wp\/v2\/pages\/15787","targetHints":{"allow":["GET"]}}],"collection":[{"href":"https:\/\/piko-n-bahn.de\/index.php?rest_route=\/wp\/v2\/pages"}],"about":[{"href":"https:\/\/piko-n-bahn.de\/index.php?rest_route=\/wp\/v2\/types\/page"}],"author":[{"embeddable":true,"href":"https:\/\/piko-n-bahn.de\/index.php?rest_route=\/wp\/v2\/users\/529"}],"replies":[{"embeddable":true,"href":"https:\/\/piko-n-bahn.de\/index.php?rest_route=%2Fwp%2Fv2%2Fcomments&post=15787"}],"version-history":[{"count":18,"href":"https:\/\/piko-n-bahn.de\/index.php?rest_route=\/wp\/v2\/pages\/15787\/revisions"}],"predecessor-version":[{"id":15971,"href":"https:\/\/piko-n-bahn.de\/index.php?rest_route=\/wp\/v2\/pages\/15787\/revisions\/15971"}],"up":[{"embeddable":true,"href":"https:\/\/piko-n-bahn.de\/index.php?rest_route=\/wp\/v2\/pages\/11"}],"wp:attachment":[{"href":"https:\/\/piko-n-bahn.de\/index.php?rest_route=%2Fwp%2Fv2%2Fmedia&parent=15787"}],"curies":[{"name":"wp","href":"https:\/\/api.w.org\/{rel}","templated":true}]}}