{"id":22,"date":"2015-03-29T19:58:09","date_gmt":"2015-03-29T17:58:09","guid":{"rendered":"http:\/\/vonheidus.bplaced.net\/piko\/\/?page_id=22"},"modified":"2023-01-20T19:37:55","modified_gmt":"2023-01-20T18:37:55","slug":"ue-ei-vs-piko","status":"publish","type":"page","link":"https:\/\/piko-n-bahn.de\/?page_id=22","title":{"rendered":"\u00dc-Ei vs Piko"},"content":{"rendered":"\n<h2 class=\"has-text-align-center wp-block-heading\">\u00dc-Ei trifft PIKO<\/h2>\n\n\n\n<p><\/p>\n\n\n<div class=\"wp-block-image\">\n<figure class=\"aligncenter\"><a href=\"http:\/\/piko-n-bahn.de\/wp-content\/uploads\/2015\/03\/ue-Ei-Zug.gif\"><img decoding=\"async\" width=\"552\" height=\"216\" src=\"http:\/\/piko-n-bahn.de\/wp-content\/uploads\/2015\/03\/ue-Ei-Zug.gif\" alt=\"\" class=\"wp-image-776\"\/><\/a><figcaption class=\"wp-element-caption\">\u00dc-Ei Zug mit Adlerwagen und Rocco-Lok<\/figcaption><\/figure>\n<\/div>\n\n\n<p class=\"has-text-align-center\" id=\"Label44\">Auf dieser Unterseite m\u00f6chte ich einige besondere Modelle vorstellen.<\/p>\n\n\n\n<p class=\"has-text-align-center\">Realit\u00e4tsnachbau- und Ma\u00dfstabsfanatiker sollten allerdings lieber diesen Bereich schnell wieder verlassen.<br \/>Die hier gezeigten Modelle sind eher f\u00fcr Spa\u00dfeisenbahner gedacht.<br \/>Es handelt sich um Umbauten von Ferrero \u00dc-Eier Eisenbahnen.<br \/>Ende der  90ziger Jahre wurden dort einige gute Modelle in den Eiern versteckt. <br \/>Bestes Beispiel sind die Nachbauten des \u201cAdler\u201d-Zuges.<\/p>\n\n\n\n<p class=\"has-text-align-center\">Lange schon hatte ich nach einem Weg gesucht, um diese Modelle auf eine Anlage zubringen. Der direkte Einsatz der \u00dc-Eier Bahnen ist nicht m\u00f6glich. Sie haben Metallr\u00e4der und verursachen so einen Kurzschluss auf der Strecke. <\/p>\n\n\n\n<p class=\"has-text-align-center\">Um dennoch auf einer Modellanlage fahren zu k\u00f6nnen sind daher einige Umbauten n\u00f6tig. Ben\u00f6tigt werden  praktisch nur die Oberteile der \u00dc-Ei Modelle. Diese habe ich auf gek\u00fcrzte Unterteile von Piko G\u00fcterwagen gesetzt. Am besten gehen die Wagen der Omm-Reihen mit 62 mm L\u00fcp verwendet, auch einige Staubsilowagen Zk54 fanden Verwendung.  Einfach das Mittelteil des Fahrgestells entfernen und wieder zusammen kleben. Dann das \u00dc-Ei Modell entsprechend bearbeiten und auf das Piko Fahrgestell kleben. Fertig!<\/p>\n\n\n\n<p class=\"has-text-align-center\">Nachfolgend ein kleines Video aus Uehausen!<\/p>\n\n\n\n<div class=\"wp-block-columns is-layout-flex wp-container-core-columns-is-layout-9d6595d7 wp-block-columns-is-layout-flex\">\n<div class=\"wp-block-column is-layout-flow wp-block-column-is-layout-flow\" style=\"flex-basis:25%\"><\/div>\n\n\n\n<div class=\"wp-block-column is-layout-flow wp-block-column-is-layout-flow\" style=\"flex-basis:50%\">\n<figure class=\"wp-block-embed aligncenter is-type-video is-provider-youtube wp-block-embed-youtube wp-embed-aspect-16-9 wp-has-aspect-ratio\"><div class=\"wp-block-embed__wrapper\">\n<iframe loading=\"lazy\" title=\"Uehausen  - Modellbahn einmal anders\" width=\"1200\" height=\"675\" src=\"https:\/\/www.youtube.com\/embed\/i9W928fbRyg?feature=oembed\" frameborder=\"0\" allow=\"accelerometer; autoplay; clipboard-write; encrypted-media; gyroscope; picture-in-picture; web-share\" allowfullscreen><\/iframe>\n<\/div><\/figure>\n<\/div>\n\n\n\n<div class=\"wp-block-column is-layout-flow wp-block-column-is-layout-flow\" style=\"flex-basis:25%\"><\/div>\n<\/div>\n","protected":false},"excerpt":{"rendered":"<p>\u00dc-Ei trifft PIKO Auf dieser Unterseite m\u00f6chte ich einige besondere Modelle vorstellen. Realit\u00e4tsnachbau- und Ma\u00dfstabsfanatiker sollten allerdings lieber diesen Bereich schnell wieder verlassen.Die hier gezeigten &hellip; <\/p>\n","protected":false},"author":1,"featured_media":0,"parent":188,"menu_order":0,"comment_status":"closed","ping_status":"closed","template":"","meta":{"_uag_custom_page_level_css":"","footnotes":""},"class_list":["post-22","page","type-page","status-publish","hentry"],"uagb_featured_image_src":{"full":false,"thumbnail":false,"medium":false,"medium_large":false,"large":false,"gs-tiny":false,"xl":false,"xxl":false,"xxxl":false,"xxxxl":false,"xxxxxl":false,"1536x1536":false,"2048x2048":false,"classic-grid-listing":false,"classic-list-listing":false,"modern-grid-listing":false,"product-page-image":false,"product-category-page-image":false,"bam-large":false,"bam-featured":false,"bam-list":false,"bam-thumb":false,"bam-small":false,"mailpoet_newsletter_max":false,"tptn_thumbnail":false},"uagb_author_info":{"display_name":"Harald","author_link":"https:\/\/piko-n-bahn.de\/?author=1"},"uagb_comment_info":0,"uagb_excerpt":"\u00dc-Ei trifft PIKO Auf dieser Unterseite m\u00f6chte ich einige besondere Modelle vorstellen. Realit\u00e4tsnachbau- und Ma\u00dfstabsfanatiker sollten allerdings lieber diesen Bereich schnell wieder verlassen.Die hier gezeigten &hellip;","_links":{"self":[{"href":"https:\/\/piko-n-bahn.de\/index.php?rest_route=\/wp\/v2\/pages\/22","targetHints":{"allow":["GET"]}}],"collection":[{"href":"https:\/\/piko-n-bahn.de\/index.php?rest_route=\/wp\/v2\/pages"}],"about":[{"href":"https:\/\/piko-n-bahn.de\/index.php?rest_route=\/wp\/v2\/types\/page"}],"author":[{"embeddable":true,"href":"https:\/\/piko-n-bahn.de\/index.php?rest_route=\/wp\/v2\/users\/1"}],"replies":[{"embeddable":true,"href":"https:\/\/piko-n-bahn.de\/index.php?rest_route=%2Fwp%2Fv2%2Fcomments&post=22"}],"version-history":[{"count":4,"href":"https:\/\/piko-n-bahn.de\/index.php?rest_route=\/wp\/v2\/pages\/22\/revisions"}],"predecessor-version":[{"id":14674,"href":"https:\/\/piko-n-bahn.de\/index.php?rest_route=\/wp\/v2\/pages\/22\/revisions\/14674"}],"up":[{"embeddable":true,"href":"https:\/\/piko-n-bahn.de\/index.php?rest_route=\/wp\/v2\/pages\/188"}],"wp:attachment":[{"href":"https:\/\/piko-n-bahn.de\/index.php?rest_route=%2Fwp%2Fv2%2Fmedia&parent=22"}],"curies":[{"name":"wp","href":"https:\/\/api.w.org\/{rel}","templated":true}]}}