{"id":2432,"date":"2015-10-30T20:17:27","date_gmt":"2015-10-30T19:17:27","guid":{"rendered":"http:\/\/vonheidus.bplaced.net\/piko\/?page_id=2432"},"modified":"2024-12-03T10:57:10","modified_gmt":"2024-12-03T09:57:10","slug":"1474-2","status":"publish","type":"page","link":"https:\/\/piko-n-bahn.de\/?page_id=2432","title":{"rendered":"Kontakt"},"content":{"rendered":"\n<h2 class=\"has-text-align-center wp-block-heading\">Hallo miteinander!<\/h2>\n\n\n\n<p>Zun\u00e4chst freue ich mich, das ihr diese Seite gefunden habt. Wenn ihr wollt, k\u00f6nnt ihr mir \u00fcber das folgende Formular eine Nachricht senden. Nat\u00fcrlich k\u00f6nnt aber Ihr auch die Kommentarfunktion der Beitr\u00e4ge dazu benutzen. W\u00fcrde mich auf&nbsp;jeden Fall \u00fcber eine R\u00fcckmeldung freuen.<\/p>\n\n\n\n<p><\/p>\n\n\n\n<p><\/p>\n\n\n\n<p><\/p>\n","protected":false},"excerpt":{"rendered":"<p>Hallo miteinander! Zun\u00e4chst freue ich mich, das ihr diese Seite gefunden habt. Wenn ihr wollt, k\u00f6nnt ihr mir \u00fcber das folgende Formular eine Nachricht senden. &hellip; <\/p>\n","protected":false},"author":1,"featured_media":0,"parent":11,"menu_order":7,"comment_status":"open","ping_status":"closed","template":"","meta":{"_uag_custom_page_level_css":"","footnotes":""},"class_list":["post-2432","page","type-page","status-publish","hentry"],"uagb_featured_image_src":{"full":false,"thumbnail":false,"medium":false,"medium_large":false,"large":false,"gs-tiny":false,"xl":false,"xxl":false,"xxxl":false,"xxxxl":false,"xxxxxl":false,"1536x1536":false,"2048x2048":false,"classic-grid-listing":false,"classic-list-listing":false,"modern-grid-listing":false,"product-page-image":false,"product-category-page-image":false,"bam-large":false,"bam-featured":false,"bam-list":false,"bam-thumb":false,"bam-small":false,"mailpoet_newsletter_max":false,"tptn_thumbnail":false},"uagb_author_info":{"display_name":"Harald","author_link":"https:\/\/piko-n-bahn.de\/?author=1"},"uagb_comment_info":16,"uagb_excerpt":"Hallo miteinander! Zun\u00e4chst freue ich mich, das ihr diese Seite gefunden habt. Wenn ihr wollt, k\u00f6nnt ihr mir \u00fcber das folgende Formular eine Nachricht senden. &hellip;","_links":{"self":[{"href":"https:\/\/piko-n-bahn.de\/index.php?rest_route=\/wp\/v2\/pages\/2432","targetHints":{"allow":["GET"]}}],"collection":[{"href":"https:\/\/piko-n-bahn.de\/index.php?rest_route=\/wp\/v2\/pages"}],"about":[{"href":"https:\/\/piko-n-bahn.de\/index.php?rest_route=\/wp\/v2\/types\/page"}],"author":[{"embeddable":true,"href":"https:\/\/piko-n-bahn.de\/index.php?rest_route=\/wp\/v2\/users\/1"}],"replies":[{"embeddable":true,"href":"https:\/\/piko-n-bahn.de\/index.php?rest_route=%2Fwp%2Fv2%2Fcomments&post=2432"}],"version-history":[{"count":1,"href":"https:\/\/piko-n-bahn.de\/index.php?rest_route=\/wp\/v2\/pages\/2432\/revisions"}],"predecessor-version":[{"id":15685,"href":"https:\/\/piko-n-bahn.de\/index.php?rest_route=\/wp\/v2\/pages\/2432\/revisions\/15685"}],"up":[{"embeddable":true,"href":"https:\/\/piko-n-bahn.de\/index.php?rest_route=\/wp\/v2\/pages\/11"}],"wp:attachment":[{"href":"https:\/\/piko-n-bahn.de\/index.php?rest_route=%2Fwp%2Fv2%2Fmedia&parent=2432"}],"curies":[{"name":"wp","href":"https:\/\/api.w.org\/{rel}","templated":true}]}}