{"id":3788,"date":"2016-07-24T17:47:45","date_gmt":"2016-07-24T15:47:45","guid":{"rendered":"http:\/\/vonheidus.bplaced.net\/piko\/?page_id=3788"},"modified":"2023-01-14T12:22:11","modified_gmt":"2023-01-14T11:22:11","slug":"mdf-modelle","status":"publish","type":"page","link":"https:\/\/piko-n-bahn.de\/?page_id=3788","title":{"rendered":"MEE \u2013  Modelle"},"content":{"rendered":"\n<h2 class=\"has-text-align-center wp-block-heading\">Meiner Einers Eigenbauten<\/h2>\n\n\n\n<p><\/p>\n\n\n\n<p class=\"has-text-align-center\">Auf dieser Unterseite m\u00f6chte ich die Modelle vorstellen, welche in eigener Bastelt\u00e4tigkeit entstanden sind und sich in der Regel auf einem Fahrgestell meiner geliebten Piko-Modelle befinden.<br \/> Angefangen habe ich damit, Wagonk\u00e4sten aus MDF zu fertigen, meine MDF-Modelle. Mittlerweile geh\u00f6ren auch andere Materialien wie richtiges Holz, Pappe oder Kunststoffe dazu. Nicht dazu z\u00e4hle ich Umbauten aus original Piko &#8211; Modellen. Also diejenigen, wo mit Farbe, Decals oder Schneidwerkzeugen gearbeitet wurde. Oder welche eine Beladung erhalten haben. Diese sind zusammen mit erworbenen Modellen und solchen, welche mir von anderen Sammlern bildlich zur Verf\u00fcgung gestellt wurden unter dem Men\u00fcpunkt <a href=\"https:\/\/piko-n-bahn.de\/?page_id=188\" data-type=\"page\" data-id=\"188\">Umbauten<\/a> zu finden.<\/p>\n\n\n\n<p class=\"has-text-align-center\">Zun\u00e4chst MDF- Modelle? Was soll das denn sein?<br \/>Gute Frage.<br \/>MDF&nbsp; &#8212; Mittel-Dichte Faserplatte &#8212;&nbsp; ist ein Holzwerkstoff, welcher z.B. in der M\u00f6belindustrie eingesetzt wird.<\/p>\n\n\n\n<p class=\"has-text-align-center\">Bei mir sind daraus z.B. Geh\u00e4use f\u00fcr G\u00fcterwagen&nbsp;gefertigt.<br \/>Aus dem MDF wird das Geh\u00e4use geschnitten bzw gefr\u00e4st und mit Fotos beklebt. Das ganze wird dann auf ein passendes Fahrgestell gesetzt. Da das alles in absoluter Handarbeit und Einzelfertigung geschieht, ist jedes Modell ein Unikat. Bestenfalls sind 2 gleiche Modelle also sehr \u00e4hnlich, aber nie gleich.<br \/>Das erste so entstandene Modell ist der&nbsp;<a href=\"http:\/\/piko-n-bahn.de\/?p=3685\">Tresorwagen &#8222;Franz J\u00e4ger&#8220;<\/a>&nbsp;der Olsenbande.<\/p>\n\n\n\n<p class=\"has-text-align-center\">Sp\u00e4ter kamen&nbsp;auch Container als Ladegut hinzu. Zun\u00e4chst sind es 20ft Container, wie sie in Zwickau gebaut wurden. Allerdings sind die Motive zwar typisch DDR, dort aber nie, bis auf die &#8222;Deutrans&#8220;, auf den Containern zu sehen gewesen.<\/p>\n\n\n\n<p class=\"has-text-align-right has-small-font-size\">Seite erg\u00e4nzt und ge\u00e4ndert am: 14.01.2023<\/p>\n","protected":false},"excerpt":{"rendered":"<p>Meiner Einers Eigenbauten Auf dieser Unterseite m\u00f6chte ich die Modelle vorstellen, welche in eigener Bastelt\u00e4tigkeit entstanden sind und sich in der Regel auf einem Fahrgestell &hellip; <\/p>\n","protected":false},"author":1,"featured_media":0,"parent":188,"menu_order":0,"comment_status":"closed","ping_status":"closed","template":"","meta":{"_uag_custom_page_level_css":"","footnotes":""},"class_list":["post-3788","page","type-page","status-publish","hentry"],"uagb_featured_image_src":{"full":false,"thumbnail":false,"medium":false,"medium_large":false,"large":false,"gs-tiny":false,"xl":false,"xxl":false,"xxxl":false,"xxxxl":false,"xxxxxl":false,"1536x1536":false,"2048x2048":false,"classic-grid-listing":false,"classic-list-listing":false,"modern-grid-listing":false,"product-page-image":false,"product-category-page-image":false,"bam-large":false,"bam-featured":false,"bam-list":false,"bam-thumb":false,"bam-small":false,"mailpoet_newsletter_max":false,"tptn_thumbnail":false},"uagb_author_info":{"display_name":"Harald","author_link":"https:\/\/piko-n-bahn.de\/?author=1"},"uagb_comment_info":0,"uagb_excerpt":"Meiner Einers Eigenbauten Auf dieser Unterseite m\u00f6chte ich die Modelle vorstellen, welche in eigener Bastelt\u00e4tigkeit entstanden sind und sich in der Regel auf einem Fahrgestell &hellip;","_links":{"self":[{"href":"https:\/\/piko-n-bahn.de\/index.php?rest_route=\/wp\/v2\/pages\/3788","targetHints":{"allow":["GET"]}}],"collection":[{"href":"https:\/\/piko-n-bahn.de\/index.php?rest_route=\/wp\/v2\/pages"}],"about":[{"href":"https:\/\/piko-n-bahn.de\/index.php?rest_route=\/wp\/v2\/types\/page"}],"author":[{"embeddable":true,"href":"https:\/\/piko-n-bahn.de\/index.php?rest_route=\/wp\/v2\/users\/1"}],"replies":[{"embeddable":true,"href":"https:\/\/piko-n-bahn.de\/index.php?rest_route=%2Fwp%2Fv2%2Fcomments&post=3788"}],"version-history":[{"count":6,"href":"https:\/\/piko-n-bahn.de\/index.php?rest_route=\/wp\/v2\/pages\/3788\/revisions"}],"predecessor-version":[{"id":14665,"href":"https:\/\/piko-n-bahn.de\/index.php?rest_route=\/wp\/v2\/pages\/3788\/revisions\/14665"}],"up":[{"embeddable":true,"href":"https:\/\/piko-n-bahn.de\/index.php?rest_route=\/wp\/v2\/pages\/188"}],"wp:attachment":[{"href":"https:\/\/piko-n-bahn.de\/index.php?rest_route=%2Fwp%2Fv2%2Fmedia&parent=3788"}],"curies":[{"name":"wp","href":"https:\/\/api.w.org\/{rel}","templated":true}]}}