{"id":4479,"date":"2017-03-23T10:37:54","date_gmt":"2017-03-23T09:37:54","guid":{"rendered":"http:\/\/piko-n-bahn.de\/?page_id=4479"},"modified":"2021-11-27T18:02:40","modified_gmt":"2021-11-27T17:02:40","slug":"zubehoer","status":"publish","type":"page","link":"https:\/\/piko-n-bahn.de\/?page_id=4479","title":{"rendered":"Zubeh\u00f6r"},"content":{"rendered":"\n<h2 class=\"has-text-align-center wp-block-heading\">Was sonst noch zur N Spur geh\u00f6rt<\/h2>\n\n\n\n<p><\/p>\n\n\n\n<p class=\"has-text-align-center\">Von\u00a0 dieser Seite ausgehend soll demn\u00e4chst das f\u00fcr DDR &#8211; Bahner typische Zubeh\u00f6r aufgelistet werden.<br \/>Zu n\u00e4chst die Hersteller von Modellh\u00e4usern wie OWO, MAMOS, TEMOS und Vero. Auch ein kleiner \u00dcberblick \u00fcber deren Nachfolgemodell von Auhagen. Aber auch Modellautos, Ladeg\u00fcter, und was es sonst noch so gab soll hier gesammelt werden.<br \/>Ein Teil dessen findet sich ja bereits in den auf dieser Homepage ver\u00f6ffentlichten Katalogen und Flyern.<\/p>\n","protected":false},"excerpt":{"rendered":"<p>Was sonst noch zur N Spur geh\u00f6rt Von\u00a0 dieser Seite ausgehend soll demn\u00e4chst das f\u00fcr DDR &#8211; Bahner typische Zubeh\u00f6r aufgelistet werden.Zu n\u00e4chst die Hersteller &hellip; <\/p>\n","protected":false},"author":1,"featured_media":0,"parent":0,"menu_order":183,"comment_status":"closed","ping_status":"closed","template":"","meta":{"_uag_custom_page_level_css":"","footnotes":""},"class_list":["post-4479","page","type-page","status-publish","hentry"],"uagb_featured_image_src":{"full":false,"thumbnail":false,"medium":false,"medium_large":false,"large":false,"gs-tiny":false,"xl":false,"xxl":false,"xxxl":false,"xxxxl":false,"xxxxxl":false,"1536x1536":false,"2048x2048":false,"classic-grid-listing":false,"classic-list-listing":false,"modern-grid-listing":false,"product-page-image":false,"product-category-page-image":false,"bam-large":false,"bam-featured":false,"bam-list":false,"bam-thumb":false,"bam-small":false,"mailpoet_newsletter_max":false,"tptn_thumbnail":false},"uagb_author_info":{"display_name":"Harald","author_link":"https:\/\/piko-n-bahn.de\/?author=1"},"uagb_comment_info":0,"uagb_excerpt":"Was sonst noch zur N Spur geh\u00f6rt Von\u00a0 dieser Seite ausgehend soll demn\u00e4chst das f\u00fcr DDR &#8211; Bahner typische Zubeh\u00f6r aufgelistet werden.Zu n\u00e4chst die Hersteller &hellip;","_links":{"self":[{"href":"https:\/\/piko-n-bahn.de\/index.php?rest_route=\/wp\/v2\/pages\/4479","targetHints":{"allow":["GET"]}}],"collection":[{"href":"https:\/\/piko-n-bahn.de\/index.php?rest_route=\/wp\/v2\/pages"}],"about":[{"href":"https:\/\/piko-n-bahn.de\/index.php?rest_route=\/wp\/v2\/types\/page"}],"author":[{"embeddable":true,"href":"https:\/\/piko-n-bahn.de\/index.php?rest_route=\/wp\/v2\/users\/1"}],"replies":[{"embeddable":true,"href":"https:\/\/piko-n-bahn.de\/index.php?rest_route=%2Fwp%2Fv2%2Fcomments&post=4479"}],"version-history":[{"count":0,"href":"https:\/\/piko-n-bahn.de\/index.php?rest_route=\/wp\/v2\/pages\/4479\/revisions"}],"wp:attachment":[{"href":"https:\/\/piko-n-bahn.de\/index.php?rest_route=%2Fwp%2Fv2%2Fmedia&parent=4479"}],"curies":[{"name":"wp","href":"https:\/\/api.w.org\/{rel}","templated":true}]}}