{"id":486,"date":"2015-04-08T17:57:43","date_gmt":"2015-04-08T15:57:43","guid":{"rendered":"http:\/\/vonheidus.bplaced.net\/piko\/\/?page_id=486"},"modified":"2024-09-26T22:02:18","modified_gmt":"2024-09-26T20:02:18","slug":"sets","status":"publish","type":"page","link":"https:\/\/piko-n-bahn.de\/?page_id=486","title":{"rendered":"Set\u2019s"},"content":{"rendered":"\n<h2 class=\"wp-block-heading has-text-align-center\">Startersets und Grundanlagen<\/h2>\n\n\n<div class=\"wp-block-image\">\n<figure class=\"aligncenter\" id=\"block-25bc6c38-15f8-4cf4-94da-fd92be6f9ac0\"><img decoding=\"async\" src=\"http:\/\/piko-n-bahn.de\/wp-content\/uploads\/2018\/07\/Urset-V1803Gw-400x248.jpg\" alt=\"Dieses Bild hat ein leeres Alt-Attribut. Der Dateiname ist Urset-V1803Gw-400x248.jpg\"\/><\/figure>\n<\/div>\n\n\n<p class=\"has-text-align-center\">Mit dem abgebildeten Set, <br \/>Katalognummer 5\/ 0602 begann 1964 die Piko&nbsp;N Spur.<br \/>Der&nbsp;Tragekoffer war gleichzeitig eine Basteleinheit f\u00fcr eine Br\u00fccke. Neben einer V180 enthielt er einen geschlossenen und zwei offene G\u00fcterwagen mit Fallhakenkupplung. Dazu kam ein Batteriefahrger\u00e4t und ein Gleisoval.<br \/>Sp\u00e4ter brachte&nbsp;&nbsp;Piko&nbsp;3 Sorten von Set&#8217;s (Starterpackungen) heraus. Da waren zun\u00e4chst die Starterset&#8217;s Junior und Transit, dann ein Export-Set sowie die sogenannten Geschenksets.<br \/>Die Sets hatten zun\u00e4chst ein Foliefahrger\u00e4t, welches in der InletFolie der Sets eingepr\u00e4gt war. Nach der Umstellung auf exteren Batteriefahrtrafo bzw. elektrischen Netztrafo F1&nbsp;mussten die Sets eine andere H\u00f6he erhalten, um den Trafo unterzubringen.<\/p>\n\n\n\n<p class=\"has-text-align-center\">Bis auf die Geschenk-Set&#8217;s befinden sich keine weiteren Set&#8217;s in meiner Sammlung.  <br \/>Alle Bilder und viele Angaben wurden mir daher von anderen Sammlern von Piko-N zur Verf\u00fcgung gestellt. <br \/>Vielen Dank daher hier an dieser Stelle.<\/p>\n\n\n\n<div class=\"wp-block-columns is-layout-flex wp-container-core-columns-is-layout-9d6595d7 wp-block-columns-is-layout-flex\">\n<div class=\"wp-block-column is-layout-flow wp-block-column-is-layout-flow\"><div class=\"wp-block-image\">\n<figure class=\"alignleft\"><a href=\"http:\/\/piko-n-bahn.de\/wp-content\/uploads\/2015\/09\/a-verpackung-transit.jpg\"><img decoding=\"async\" width=\"300\" height=\"146\" src=\"http:\/\/piko-n-bahn.de\/wp-content\/uploads\/2015\/09\/a-verpackung-transit-300x146.jpg\" alt=\"\" class=\"wp-image-1838\" srcset=\"https:\/\/piko-n-bahn.de\/wp-content\/uploads\/2015\/09\/a-verpackung-transit-300x146.jpg 300w, https:\/\/piko-n-bahn.de\/wp-content\/uploads\/2015\/09\/a-verpackung-transit-600x292.jpg 600w, https:\/\/piko-n-bahn.de\/wp-content\/uploads\/2015\/09\/a-verpackung-transit-500x243.jpg 500w, https:\/\/piko-n-bahn.de\/wp-content\/uploads\/2015\/09\/a-verpackung-transit.jpg 640w\" sizes=\"(max-width: 300px) 100vw, 300px\" \/><\/a><\/figure>\n<\/div><\/div>\n\n\n\n<div class=\"wp-block-column is-layout-flow wp-block-column-is-layout-flow\"><div class=\"wp-block-image\">\n<figure class=\"alignright\"><a href=\"http:\/\/piko-n-bahn.de\/wp-content\/uploads\/2018\/07\/A-Export-Deckel.jpg\"><img decoding=\"async\" width=\"400\" height=\"272\" src=\"http:\/\/piko-n-bahn.de\/wp-content\/uploads\/2018\/07\/A-Export-Deckel-400x272.jpg\" alt=\"\" class=\"wp-image-9099\" srcset=\"https:\/\/piko-n-bahn.de\/wp-content\/uploads\/2018\/07\/A-Export-Deckel-400x272.jpg 400w, https:\/\/piko-n-bahn.de\/wp-content\/uploads\/2018\/07\/A-Export-Deckel-150x102.jpg 150w, https:\/\/piko-n-bahn.de\/wp-content\/uploads\/2018\/07\/A-Export-Deckel-600x408.jpg 600w, https:\/\/piko-n-bahn.de\/wp-content\/uploads\/2018\/07\/A-Export-Deckel-441x300.jpg 441w, https:\/\/piko-n-bahn.de\/wp-content\/uploads\/2018\/07\/A-Export-Deckel.jpg 640w\" sizes=\"(max-width: 400px) 100vw, 400px\" \/><\/a><\/figure>\n<\/div><\/div>\n<\/div>\n\n\n\n<h4 class=\"wp-block-heading has-text-align-center\">\u00dcbersicht<\/h4>\n\n\n\n<figure class=\"wp-block-table\"><table><tbody><tr><td class=\"has-text-align-center\" data-align=\"center\">Katalog-Nummer<\/td><td>Set-Art<\/td><td>Lok<\/td><td>Wagons<\/td><td class=\"has-text-align-right\" data-align=\"right\"><\/td><td><\/td><\/tr><tr><td class=\"has-text-align-center\" data-align=\"center\">0602<\/td><td>Urset<\/td><td>V180<\/td><td>3 G\u00fcterwagen<\/td><td class=\"has-text-align-right\" data-align=\"right\">51,10<\/td><td>Folie<\/td><\/tr><tr><td class=\"has-text-align-center\" data-align=\"center\">0602<\/td><td>Transit<\/td><td>V180<\/td><td>3 Schnellzugwagen<\/td><td class=\"has-text-align-right\" data-align=\"right\">65,50<\/td><td>Batterie<\/td><\/tr><tr><td class=\"has-text-align-center\" data-align=\"center\">0603<\/td><td>Transit<\/td><td>V180<\/td><td>3 G\u00fcterwagen<\/td><td class=\"has-text-align-right\" data-align=\"right\">58,50<\/td><td>Folie \/ Batterie<\/td><\/tr><tr><td class=\"has-text-align-center\" data-align=\"center\">0604<\/td><td>Transit<\/td><td>BB9200<\/td><td>3 G\u00fcterwagen<\/td><td class=\"has-text-align-right\" data-align=\"right\">?<\/td><td>Batterie<\/td><\/tr><tr><td class=\"has-text-align-center\" data-align=\"center\">0605<\/td><td>Transit<\/td><td>T449<\/td><td>3 G\u00fcterwagen<\/td><td class=\"has-text-align-right\" data-align=\"right\">54,80<\/td><td>Batterie<\/td><\/tr><tr><td class=\"has-text-align-center\" data-align=\"center\">0606<\/td><td>Transit<\/td><td>V180<\/td><td>4 G\u00fcterwagen<\/td><td class=\"has-text-align-right\" data-align=\"right\">76,50<\/td><td>F1<\/td><\/tr><tr><td class=\"has-text-align-center\" data-align=\"center\">0607<\/td><td><\/td><td><\/td><td><\/td><td class=\"has-text-align-right\" data-align=\"right\"><\/td><td><\/td><\/tr><tr><td class=\"has-text-align-center\" data-align=\"center\">0608<\/td><td><\/td><td><\/td><td><\/td><td class=\"has-text-align-right\" data-align=\"right\"><\/td><td><\/td><\/tr><tr><td class=\"has-text-align-center\" data-align=\"center\">0609<\/td><td>Transit <\/td><td>BR65<\/td><td>3 Personenwagen<\/td><td class=\"has-text-align-right\" data-align=\"right\">100,00<\/td><td>F1<\/td><\/tr><tr><td class=\"has-text-align-center\" data-align=\"center\">0610<\/td><td>Erg\u00e4nzung<\/td><td><\/td><td>Gleismaterial<\/td><td class=\"has-text-align-right\" data-align=\"right\">29,00<\/td><td><\/td><\/tr><tr><td class=\"has-text-align-center\" data-align=\"center\">0611<\/td><td><\/td><td><\/td><td><\/td><td class=\"has-text-align-right\" data-align=\"right\"><\/td><td><\/td><\/tr><tr><td class=\"has-text-align-center\" data-align=\"center\">0612<\/td><td><\/td><td><\/td><td><\/td><td class=\"has-text-align-right\" data-align=\"right\"><\/td><td><\/td><\/tr><tr><td class=\"has-text-align-center\" data-align=\"center\">0613<\/td><td><\/td><td><\/td><td><\/td><td class=\"has-text-align-right\" data-align=\"right\"><\/td><td><\/td><\/tr><tr><td class=\"has-text-align-center\" data-align=\"center\">0614<\/td><td><\/td><td><\/td><td><\/td><td class=\"has-text-align-right\" data-align=\"right\"><\/td><td><\/td><\/tr><tr><td class=\"has-text-align-center\" data-align=\"center\">0615<\/td><td><\/td><td><\/td><td><\/td><td class=\"has-text-align-right\" data-align=\"right\"><\/td><td><\/td><\/tr><tr><td class=\"has-text-align-center\" data-align=\"center\">0616<\/td><td>Transit<\/td><td>BR65<\/td><td>4 G\u00fcterwagen<\/td><td class=\"has-text-align-right\" data-align=\"right\">99,50<\/td><td>F1<\/td><\/tr><tr><td class=\"has-text-align-center\" data-align=\"center\">0617<\/td><td>Transit<\/td><td>BR65<\/td><td>Dosto<\/td><td class=\"has-text-align-right\" data-align=\"right\">99,50<\/td><td>F1<\/td><\/tr><tr><td class=\"has-text-align-center\" data-align=\"center\">0618<\/td><td><\/td><td><\/td><td><\/td><td class=\"has-text-align-right\" data-align=\"right\"><\/td><td><\/td><\/tr><tr><td class=\"has-text-align-center\" data-align=\"center\">0619<\/td><td><\/td><td><\/td><td><\/td><td class=\"has-text-align-right\" data-align=\"right\"><\/td><td><\/td><\/tr><tr><td class=\"has-text-align-center\" data-align=\"center\">0620<\/td><td>Transit<\/td><td>V180<\/td><td>3 Personenwagen<\/td><td class=\"has-text-align-right\" data-align=\"right\">65,50<\/td><td>Batterie?<\/td><\/tr><tr><td class=\"has-text-align-center\" data-align=\"center\">0621<\/td><td>Transit<\/td><td>BB9200<\/td><td>3Schnellzuwagen<\/td><td class=\"has-text-align-right\" data-align=\"right\">66,50<\/td><td>Folie \/ Batterie<\/td><\/tr><tr><td class=\"has-text-align-center\" data-align=\"center\">0622<\/td><td>Geschenkset<\/td><td>BR65<\/td><td>Dosto<\/td><td class=\"has-text-align-right\" data-align=\"right\">62,50<\/td><td>ohne<\/td><\/tr><tr><td class=\"has-text-align-center\" data-align=\"center\">0623<\/td><td><\/td><td><\/td><td><\/td><td class=\"has-text-align-right\" data-align=\"right\"><\/td><td><\/td><\/tr><tr><td class=\"has-text-align-center\" data-align=\"center\">0624<\/td><td><\/td><td><\/td><td><\/td><td class=\"has-text-align-right\" data-align=\"right\"><\/td><td><\/td><\/tr><tr><td class=\"has-text-align-center\" data-align=\"center\">0625<\/td><td>Transit<\/td><td>T449<\/td><td>3 G\u00fcterwagen<\/td><td class=\"has-text-align-right\" data-align=\"right\">54,80<\/td><td>Folie<\/td><\/tr><tr><td class=\"has-text-align-center\" data-align=\"center\"><\/td><td><\/td><td><\/td><td><\/td><td class=\"has-text-align-right\" data-align=\"right\"><\/td><td><\/td><\/tr><tr><td class=\"has-text-align-center\" data-align=\"center\">0641<\/td><td>Transit<\/td><td>BB9200<\/td><td>3 Schnellzuwagen<\/td><td class=\"has-text-align-right\" data-align=\"right\">66,50<\/td><td>Folie \/ Batterie<\/td><\/tr><tr><td class=\"has-text-align-center\" data-align=\"center\">0642<\/td><td>Transit<\/td><td>V180<\/td><td>3 Personenwagen<\/td><td class=\"has-text-align-right\" data-align=\"right\">59,50<\/td><td>Folie<\/td><\/tr><tr><td class=\"has-text-align-center\" data-align=\"center\">0643<\/td><td><\/td><td><\/td><td><\/td><td class=\"has-text-align-right\" data-align=\"right\"><\/td><td><\/td><\/tr><tr><td class=\"has-text-align-center\" data-align=\"center\">0644<\/td><td>Geschenkset<\/td><td>BR65<\/td><td>Dosto CSD<\/td><td class=\"has-text-align-right\" data-align=\"right\">62,50<\/td><td>ohne<\/td><\/tr><tr><td class=\"has-text-align-center\" data-align=\"center\">0645<\/td><td>Transit<\/td><td>BB9200<\/td><td>3 Personenwagen<\/td><td class=\"has-text-align-right\" data-align=\"right\">62,20<\/td><td>Folie \/ Batterie<\/td><\/tr><tr><td class=\"has-text-align-center\" data-align=\"center\">0646<\/td><td>Transit<\/td><td>Nohab<\/td><td>3 Schnellzugwagen<\/td><td class=\"has-text-align-right\" data-align=\"right\">75,50<\/td><td>Batterie<\/td><\/tr><tr><td class=\"has-text-align-center\" data-align=\"center\">0647<\/td><td>Geschenkset<\/td><td>Nohab<\/td><td>3 Personenwagen<\/td><td class=\"has-text-align-right\" data-align=\"right\">51,60<\/td><td>ohne<\/td><\/tr><tr><td class=\"has-text-align-center\" data-align=\"center\">0648<\/td><td>Geschenkset<\/td><td>Nohab<\/td><td>2 G\u00fcterwagen<\/td><td class=\"has-text-align-right\" data-align=\"right\">51,30<\/td><td>ohne<\/td><\/tr><tr><td class=\"has-text-align-center\" data-align=\"center\">0649<\/td><td>Geschenkset<\/td><td>VT412<\/td><td>2-teilig<\/td><td class=\"has-text-align-right\" data-align=\"right\">42,00<\/td><td>ohne<\/td><\/tr><tr><td class=\"has-text-align-center\" data-align=\"center\">0650<\/td><td>Kofferanlage<\/td><td>V180<\/td><td>3 G\u00fcterwagen<\/td><td class=\"has-text-align-right\" data-align=\"right\">89,50<\/td><td>mit Anschluss ?!<\/td><\/tr><tr><td class=\"has-text-align-center\" data-align=\"center\">0651<\/td><td><\/td><td><\/td><td><\/td><td class=\"has-text-align-right\" data-align=\"right\"><\/td><td><\/td><\/tr><tr><td class=\"has-text-align-center\" data-align=\"center\">0652<\/td><td><\/td><td><\/td><td><\/td><td class=\"has-text-align-right\" data-align=\"right\"><\/td><td><\/td><\/tr><tr><td class=\"has-text-align-center\" data-align=\"center\">0653<\/td><td>Transit<\/td><td>V180 S<\/td><td>3 G\u00fcterwagen<\/td><td class=\"has-text-align-right\" data-align=\"right\">56,60<\/td><td>Batterie<\/td><\/tr><tr><td class=\"has-text-align-center\" data-align=\"center\"><\/td><td><\/td><td><\/td><td><\/td><td class=\"has-text-align-right\" data-align=\"right\"><\/td><td><\/td><\/tr><tr><td class=\"has-text-align-center\" data-align=\"center\">0658<\/td><td>Transit<\/td><td>V180<\/td><td>2 Personen-,  1 Packwagen<\/td><td class=\"has-text-align-right\" data-align=\"right\">58,00<\/td><td>Batterie<\/td><\/tr><tr><td class=\"has-text-align-center\" data-align=\"center\"><\/td><td><\/td><td><\/td><td><\/td><td class=\"has-text-align-right\" data-align=\"right\"><\/td><td><\/td><\/tr><tr><td class=\"has-text-align-center\" data-align=\"center\">0661<\/td><td>Export<\/td><td>V180 S<\/td><td>3 G\u00fcterwagen<\/td><td class=\"has-text-align-right\" data-align=\"right\">? (19,95DM)<\/td><td>Junior-Strom<\/td><\/tr><tr><td class=\"has-text-align-center\" data-align=\"center\">0662<\/td><td>Export<\/td><td>S699<\/td><td>4 Schnellzugwagen<\/td><td class=\"has-text-align-right\" data-align=\"right\">?<\/td><td>Junior-Strom<\/td><\/tr><tr><td class=\"has-text-align-center\" data-align=\"center\">0663<\/td><td>Transit<\/td><td>V180<\/td><td>3 Personenwagen<\/td><td class=\"has-text-align-right\" data-align=\"right\">59,70<\/td><td>Batterie<\/td><\/tr><tr><td class=\"has-text-align-center\" data-align=\"center\">0664<\/td><td>Export<\/td><td>BB9200 +<br \/>BR118 S<\/td><td>4 TEE wagen + 3 G\u00fcterwagen + Gleisanlage<\/td><td class=\"has-text-align-right\" data-align=\"right\">162,00<\/td><td>Junior-Strom<\/td><\/tr><tr><td class=\"has-text-align-center\" data-align=\"center\">0665<\/td><td>Transit <\/td><td>TschS4<\/td><td>3 G\u00fcterwagen<\/td><td class=\"has-text-align-right\" data-align=\"right\">71,00<\/td><td>Regler<\/td><\/tr><tr><td class=\"has-text-align-center\" data-align=\"center\">0666<\/td><td><\/td><td><\/td><td><\/td><td class=\"has-text-align-right\" data-align=\"right\"><\/td><td><\/td><\/tr><tr><td class=\"has-text-align-center\" data-align=\"center\">0667<\/td><td>Export<\/td><td>BB9200<\/td><td>V1: 3 Weitstreckenwagen <br \/>V2: 4 Weitstreckenwagen<\/td><td class=\"has-text-align-right\" data-align=\"right\">98,50<\/td><td>Junior-Strom<\/td><\/tr><tr><td class=\"has-text-align-center\" data-align=\"center\">0668<\/td><td><\/td><td><\/td><td><\/td><td class=\"has-text-align-right\" data-align=\"right\"><\/td><td><\/td><\/tr><tr><td class=\"has-text-align-center\" data-align=\"center\">0669<\/td><td><\/td><td><\/td><td><\/td><td class=\"has-text-align-right\" data-align=\"right\"><\/td><td><\/td><\/tr><tr><td class=\"has-text-align-center\" data-align=\"center\">0670<\/td><td>Export<\/td><td>TschS4<\/td><td>3 Weitstreckenwagen \/Gleisanlage<\/td><td class=\"has-text-align-right\" data-align=\"right\">125,00<\/td><td>Junior-Strom<\/td><\/tr><tr><td class=\"has-text-align-center\" data-align=\"center\">0671<\/td><td>Export<\/td><td>V180 S<\/td><td>3 G\u00fcterwagen<\/td><td class=\"has-text-align-right\" data-align=\"right\">55,50<\/td><td>Batterie<\/td><\/tr><tr><td class=\"has-text-align-center\" data-align=\"center\">0672<\/td><td>Export<\/td><td>BR118<\/td><td>3 Bi24 Personenwagen<\/td><td class=\"has-text-align-right\" data-align=\"right\">45,50<\/td><td>F2<\/td><\/tr><\/tbody><\/table><\/figure>\n\n\n\n<p>(in der folgenden Tabelle aufgef\u00fchrte Sets haben keine mir bekannte Katalognummer)<\/p>\n\n\n\n<figure class=\"wp-block-table\"><table><tbody><tr><td><\/td><td>Transit<\/td><td>BB9200 NS<\/td><td>3 Weitstreckenwagen<\/td><td><\/td><td>Batterie<\/td><\/tr><tr><td><\/td><td>Transit <\/td><td>BB9200<\/td><td>3 Bi24 Personenwagen<\/td><td><\/td><td>Batterie<\/td><\/tr><tr><td><\/td><td>Transit<\/td><td>V180 S<\/td><td>3 Schnellzugwagen<\/td><td><\/td><td>Batterie<\/td><\/tr><tr><td><\/td><td><\/td><td><\/td><td><\/td><td><\/td><td><\/td><\/tr><tr><td><\/td><td><\/td><td><\/td><td><\/td><td><\/td><td><\/td><\/tr><\/tbody><\/table><\/figure>\n\n\n\n<p class=\"has-text-align-right has-small-font-size\">(Inhalt der Gruppe aktualisiert Nov. 2023)<\/p>\n","protected":false},"excerpt":{"rendered":"<p>Startersets und Grundanlagen Mit dem abgebildeten Set, Katalognummer 5\/ 0602 begann 1964 die Piko&nbsp;N Spur.Der&nbsp;Tragekoffer war gleichzeitig eine Basteleinheit f\u00fcr eine Br\u00fccke. Neben einer V180 &hellip; <\/p>\n","protected":false},"author":1,"featured_media":0,"parent":13,"menu_order":19,"comment_status":"open","ping_status":"open","template":"","meta":{"_uag_custom_page_level_css":"","footnotes":""},"class_list":["post-486","page","type-page","status-publish","hentry"],"uagb_featured_image_src":{"full":false,"thumbnail":false,"medium":false,"medium_large":false,"large":false,"gs-tiny":false,"xl":false,"xxl":false,"xxxl":false,"xxxxl":false,"xxxxxl":false,"1536x1536":false,"2048x2048":false,"classic-grid-listing":false,"classic-list-listing":false,"modern-grid-listing":false,"product-page-image":false,"product-category-page-image":false,"bam-large":false,"bam-featured":false,"bam-list":false,"bam-thumb":false,"bam-small":false,"mailpoet_newsletter_max":false,"tptn_thumbnail":false},"uagb_author_info":{"display_name":"Harald","author_link":"https:\/\/piko-n-bahn.de\/?author=1"},"uagb_comment_info":1,"uagb_excerpt":"Startersets und Grundanlagen Mit dem abgebildeten Set, Katalognummer 5\/ 0602 begann 1964 die Piko&nbsp;N Spur.Der&nbsp;Tragekoffer war gleichzeitig eine Basteleinheit f\u00fcr eine Br\u00fccke. Neben einer V180 &hellip;","_links":{"self":[{"href":"https:\/\/piko-n-bahn.de\/index.php?rest_route=\/wp\/v2\/pages\/486","targetHints":{"allow":["GET"]}}],"collection":[{"href":"https:\/\/piko-n-bahn.de\/index.php?rest_route=\/wp\/v2\/pages"}],"about":[{"href":"https:\/\/piko-n-bahn.de\/index.php?rest_route=\/wp\/v2\/types\/page"}],"author":[{"embeddable":true,"href":"https:\/\/piko-n-bahn.de\/index.php?rest_route=\/wp\/v2\/users\/1"}],"replies":[{"embeddable":true,"href":"https:\/\/piko-n-bahn.de\/index.php?rest_route=%2Fwp%2Fv2%2Fcomments&post=486"}],"version-history":[{"count":11,"href":"https:\/\/piko-n-bahn.de\/index.php?rest_route=\/wp\/v2\/pages\/486\/revisions"}],"predecessor-version":[{"id":15372,"href":"https:\/\/piko-n-bahn.de\/index.php?rest_route=\/wp\/v2\/pages\/486\/revisions\/15372"}],"up":[{"embeddable":true,"href":"https:\/\/piko-n-bahn.de\/index.php?rest_route=\/wp\/v2\/pages\/13"}],"wp:attachment":[{"href":"https:\/\/piko-n-bahn.de\/index.php?rest_route=%2Fwp%2Fv2%2Fmedia&parent=486"}],"curies":[{"name":"wp","href":"https:\/\/api.w.org\/{rel}","templated":true}]}}