{"id":6200,"date":"2017-11-24T05:35:23","date_gmt":"2017-11-24T04:35:23","guid":{"rendered":"http:\/\/piko-n-bahn.de\/?page_id=6200"},"modified":"2023-11-08T09:08:03","modified_gmt":"2023-11-08T08:08:03","slug":"forum","status":"publish","type":"page","link":"https:\/\/piko-n-bahn.de\/?page_id=6200","title":{"rendered":"Forum"},"content":{"rendered":"\n<h2 class=\"wp-block-heading has-text-align-center\">DDR Spur N Forum<\/h2>\n\n\n\n<p><\/p>\n\n\n\n<p class=\"has-text-align-center\">Die Geschichte von Piko, die seiner N-Modelle sowie der \u00fcbrigen DDR-Hersteller von N-Spur Artikeln ist das Thema dieser Webseite. Allerdings gibt es da noch zu viele Unbekannte! Dieses Forum soll helfen, diese Themen aufzuarbeiten, entstandene und entstehende Fragen zu kl\u00e4ren.<\/p>\n\n\n\n<p class=\"has-text-align-center\"><div id=\"af-wrapper\"><div id=\"forum-header\"><div id=\"forum-navigation-mobile\"><a><span class=\"fas fa-bars\"><\/span>Men\u00fc<\/a><\/div><span class=\"screen-reader-text\">Forum-Navigation<\/span><div id=\"forum-navigation\"><a class=\"home-link\" href=\"https:\/\/piko-n-bahn.de\/?page_id=6200\" target=\"_self\">Forum<\/a><a class=\"members-link\" href=\"https:\/\/piko-n-bahn.de\/?page_id=6200&#038;view=members\" target=\"_self\">Mitglieder<\/a><a class=\"login-link\" href=\"https:\/\/piko-n-bahn.de\/wp-login.php?redirect_to=https%3A%2F%2Fpiko-n-bahn.de%2Findex.php%3Frest_route%3D%252Fwp%252Fv2%252Fpages%252F6200\" target=\"_self\">Anmelden<\/a><a class=\"register-link\" href=\"https:\/\/piko-n-bahn.de\/wp-login.php?action=register\" target=\"_self\">Registrieren<\/a><\/div><div id=\"forum-search\"><span class=\"search-icon fas fa-search\"><\/span><form method=\"get\" action=\"https:\/\/piko-n-bahn.de\/?page_id=6200&#038;view=search\"><input name=\"view\" type=\"hidden\" value=\"search\"><input name=\"keywords\" type=\"search\" placeholder=\"Suchen\u00a0\u2026\" value=\"\"><\/form><\/div><div class=\"clear\"><\/div><\/div><div id=\"forum-breadcrumbs\" itemscope itemtype=\"http:\/\/schema.org\/BreadcrumbList\"><span class=\"screen-reader-text\">Forum-Breadcrumbs - Du bist hier:<\/span><span class=\"breadcrumb-icon fas fa-home\"><\/span><span itemprop=\"itemListElement\" itemscope itemtype=\"https:\/\/schema.org\/ListItem\"><a itemprop=\"item\" href=\"https:\/\/piko-n-bahn.de\/?page_id=6200\" title=\"Forum\"><span itemprop=\"name\">Forum<\/span><\/a><meta itemprop=\"position\" content=\"1\"><\/span><span class=\"breadcrumb-icon fas fa-chevron-right separator\"><\/span><\/div><h1 class=\"main-title main-title-\">Forum<\/h1><div class=\"title-element\" id=\"forum-category-267\">Willkommen<span class=\"last-post-headline\">Letzter Beitrag<\/span><\/div><div class=\"content-container\"><div class=\"content-element forum\" id=\"forum-12\"><div class=\"forum-status unread\"><i class=\"fas fa-comments\"><\/i><\/div><div class=\"forum-name\"><a class=\"forum-title\" href=\"https:\/\/piko-n-bahn.de\/?page_id=6200&#038;view=forum&#038;id=12\">Willkommen<\/a><small class=\"forum-stats\">1\u00a0Thema&nbsp;&middot;&nbsp;1\u00a0Beitrag<\/small><small class=\"forum-lastpost-small\">Letzter Beitrag:&nbsp;<a href=\"https:\/\/piko-n-bahn.de\/?page_id=6200&#038;view=topic&#038;id=1#postid-1\">Willkommen<\/a>&nbsp;&middot;&nbsp;<a href=\"https:\/\/piko-n-bahn.de\/?page_id=6200&#038;view=topic&#038;id=1#postid-1\">vor 9\u00a0Jahren<\/a>&nbsp;&middot;&nbsp;<a class=\"profile-link highlight-default\" href=\"#\">Harald<\/a><\/small><\/div><div class=\"forum-poster\"><div class=\"forum-poster-avatar\"><img alt='' src='https:\/\/secure.gravatar.com\/avatar\/6ba4dcc25bbb6bca274e65ff1933c5d30bc8a738d1f1125138a5444ffdda47cf?s=40&#038;d=robohash&#038;r=g' srcset='https:\/\/secure.gravatar.com\/avatar\/6ba4dcc25bbb6bca274e65ff1933c5d30bc8a738d1f1125138a5444ffdda47cf?s=80&#038;d=robohash&#038;r=g 2x' class='avatar avatar-40 photo' height='40' width='40' \/><\/div><div class=\"forum-poster-summary\"><a href=\"https:\/\/piko-n-bahn.de\/?page_id=6200&#038;view=topic&#038;id=1#postid-1\">Willkommen<\/a><br><small><a href=\"https:\/\/piko-n-bahn.de\/?page_id=6200&#038;view=topic&#038;id=1#postid-1\">vor 9\u00a0Jahren<\/a><span>&nbsp;&middot;&nbsp;<\/span><a class=\"profile-link highlight-default\" href=\"#\">Harald<\/a><\/small><\/div><\/div><\/div><div class=\"content-element forum\" id=\"forum-14\"><div class=\"forum-status read\"><i class=\"fas fa-comments\"><\/i><\/div><div class=\"forum-name\"><a class=\"forum-title\" href=\"https:\/\/piko-n-bahn.de\/?page_id=6200&#038;view=forum&#038;id=14\">Homepage und allgemeines<\/a><small class=\"forum-stats\">0\u00a0Themen&nbsp;&middot;&nbsp;0\u00a0Beitr\u00e4ge<\/small><small class=\"forum-lastpost-small\"><small class=\"no-topics\">Noch keine Themen!<\/small><\/small><\/div><div class=\"forum-poster\"><small class=\"no-topics\">Noch keine Themen!<\/small><\/div><\/div><\/div><div id=\"read-unread\"><span class=\"indicator unread\"><\/span><span class=\"indicator-label\">Neue Beitr\u00e4ge<\/span><span class=\"indicator read\"><\/span><span class=\"indicator-label\">Nichts Neues<\/span><span class=\"indicator-label\"><span class=\"fas fa-check\"><\/span><a href=\"https:\/\/piko-n-bahn.de\/?page_id=6200&#038;view=markallread&#038;_wpnonce=01f0dd217b\">Alle als Gelesen markieren<\/a><\/span><span class=\"indicator-label\"><span class=\"fas fa-history\"><\/span><a href=\"https:\/\/piko-n-bahn.de\/?page_id=6200&#038;view=unread\">Zeige ungelesene Themen<\/a><\/span><div class=\"clear\"><\/div><\/div><div id=\"statistics\"><div class=\"title-element title-element-dark\"><span class=\"title-element-icon fas fa-chart-pie\"><\/span>Statistiken<\/div><div id=\"statistics-body\"><div id=\"statistics-elements\"><div class=\"statistics-element\"><div class=\"element-number\"><span class=\"statistics-element-icon far fa-comments\"><\/span>157<\/div><div class=\"element-name\">Themen<\/div><\/div><div class=\"statistics-element\"><div class=\"element-number\"><span class=\"statistics-element-icon far fa-comment\"><\/span>450<\/div><div class=\"element-name\">Beitr\u00e4ge<\/div><\/div><div class=\"statistics-element\"><div class=\"element-number\"><span class=\"statistics-element-icon far fa-eye\"><\/span>20.414<\/div><div class=\"element-name\">Aufrufe<\/div><\/div><div class=\"statistics-element\"><div class=\"element-number\"><span class=\"statistics-element-icon far fa-user\"><\/span>60<\/div><div class=\"element-name\">Benutzer<\/div><\/div><div class=\"statistics-element\"><div class=\"element-number\"><span class=\"statistics-element-icon far fa-lightbulb\"><\/span>0<\/div><div class=\"element-name\">Online<\/div><\/div><\/div><div id=\"statistics-online-users\"><span class=\"online-users-icon fas fa-user\"><\/span>Neuestes Mitglied:&nbsp;<i><a class=\"profile-link highlight-default\" href=\"#\">Michi67<\/a><\/i>&nbsp;&middot;&nbsp;<span class=\"online-users-icon fas fa-users\"><\/span><i>Momentan ist niemand online.<\/i><\/div><\/div><div class=\"clear\"><\/div><\/div><div id=\"bottom-navigation\"><\/div><div class=\"clear\"><\/div><\/div><\/p>\n\n\n\n<h6 class=\"wp-block-heading has-text-align-center\">voller Zugriff&nbsp; auf alle Themen, Beitr\u00e4ge und &nbsp;Forumsfunktionen nur f\u00fcr registrierte Benutzer<\/h6>\n\n\n\n<p class=\"has-text-align-center\">Die Men\u00fcs in der Seitenliste dieser Seite f\u00fchren zu aktuellen Beitr\u00e4gen und Kommentaren der Piko-N-Bahn Webseite und haben nur indirekt mit dem Forum zu tun. Da jedoch bei den einzelnen Beitr\u00e4gen eine Kommentarfunktion eingerichtet ist, k\u00f6nnen manche Dinge auch dort gekl\u00e4rt werden. Insbesondere Erg\u00e4nzungen und Korrekturen.<br \/>Allerdings w\u00fcrde ich nach erfolger Einarbeitung der dort gegeben Hinweise die Kommentare nach gegebner Zeit l\u00f6schen. Sieht irgenwie komisch aus, wenn dort Hinweise gegeben werden, welche nach dem (dann ge\u00e4nderten) obigen Text nicht mehr richtig nachvollziehbar sind.<br \/>Hier im Forum bleibt alles stehen!<\/p>\n","protected":false},"excerpt":{"rendered":"<p>DDR Spur N Forum Die Geschichte von Piko, die seiner N-Modelle sowie der \u00fcbrigen DDR-Hersteller von N-Spur Artikeln ist das Thema dieser Webseite. Allerdings gibt &hellip; <\/p>\n","protected":false},"author":1,"featured_media":0,"parent":0,"menu_order":0,"comment_status":"closed","ping_status":"closed","template":"","meta":{"_uag_custom_page_level_css":"","footnotes":""},"class_list":["post-6200","page","type-page","status-publish","hentry"],"uagb_featured_image_src":{"full":false,"thumbnail":false,"medium":false,"medium_large":false,"large":false,"gs-tiny":false,"xl":false,"xxl":false,"xxxl":false,"xxxxl":false,"xxxxxl":false,"1536x1536":false,"2048x2048":false,"classic-grid-listing":false,"classic-list-listing":false,"modern-grid-listing":false,"product-page-image":false,"product-category-page-image":false,"bam-large":false,"bam-featured":false,"bam-list":false,"bam-thumb":false,"bam-small":false,"mailpoet_newsletter_max":false,"tptn_thumbnail":false},"uagb_author_info":{"display_name":"Harald","author_link":"https:\/\/piko-n-bahn.de\/?author=1"},"uagb_comment_info":0,"uagb_excerpt":"DDR Spur N Forum Die Geschichte von Piko, die seiner N-Modelle sowie der \u00fcbrigen DDR-Hersteller von N-Spur Artikeln ist das Thema dieser Webseite. Allerdings gibt &hellip;","_links":{"self":[{"href":"https:\/\/piko-n-bahn.de\/index.php?rest_route=\/wp\/v2\/pages\/6200","targetHints":{"allow":["GET"]}}],"collection":[{"href":"https:\/\/piko-n-bahn.de\/index.php?rest_route=\/wp\/v2\/pages"}],"about":[{"href":"https:\/\/piko-n-bahn.de\/index.php?rest_route=\/wp\/v2\/types\/page"}],"author":[{"embeddable":true,"href":"https:\/\/piko-n-bahn.de\/index.php?rest_route=\/wp\/v2\/users\/1"}],"replies":[{"embeddable":true,"href":"https:\/\/piko-n-bahn.de\/index.php?rest_route=%2Fwp%2Fv2%2Fcomments&post=6200"}],"version-history":[{"count":1,"href":"https:\/\/piko-n-bahn.de\/index.php?rest_route=\/wp\/v2\/pages\/6200\/revisions"}],"predecessor-version":[{"id":14999,"href":"https:\/\/piko-n-bahn.de\/index.php?rest_route=\/wp\/v2\/pages\/6200\/revisions\/14999"}],"wp:attachment":[{"href":"https:\/\/piko-n-bahn.de\/index.php?rest_route=%2Fwp%2Fv2%2Fmedia&parent=6200"}],"curies":[{"name":"wp","href":"https:\/\/api.w.org\/{rel}","templated":true}]}}