{"id":7922,"date":"2018-11-01T18:22:54","date_gmt":"2018-11-01T17:22:54","guid":{"rendered":"http:\/\/piko-n-bahn.de\/?page_id=7922"},"modified":"2024-12-11T10:20:50","modified_gmt":"2024-12-11T09:20:50","slug":"danke","status":"publish","type":"page","link":"https:\/\/piko-n-bahn.de\/?page_id=7922","title":{"rendered":"Danke!"},"content":{"rendered":"\n<h2 class=\"wp-block-heading has-text-align-center\">Liebe Piko N Sammler Gemeinde,<\/h2>\n\n\n\n<p class=\"has-text-align-center\">Mittlerweile ist diese Sammler-Seite bereits ganz sch\u00f6n gewachsen. Immer neue Unterthemen werden erschlossen.<br \/>Da ich&nbsp; allein sicher das alles hier nicht h\u00e4tte zusammentragen&nbsp;k\u00f6nnen, m\u00f6chte ich auf dieser Seite allen Danke sagen f\u00fcr ihre Zuarbeit. Danke f\u00fcr Bilder mir nicht vorliegender Modelle, f\u00fcr Scans von Katalogen, die Weitergabe von Wissen zur PIKO Geschichte&nbsp; und auch Danke f\u00fcr Korrekturen f\u00e4lschlicher Annahmen meinerseits und und und.<br \/>Ich bem\u00fche mich, Bilder, Infos ect. mit der Angabe, von wem was ist zu versehen.&nbsp;Manchmal rutscht aber auch was durch. Bei Bildern ist es oft noch am leichtesten, den Urheber festzustellen, und zwar am Link zum Einzelbild. Die Bilder tragen meistens das K\u00fcrzel des Urhebers.<\/p>\n\n\n\n<p class=\"has-text-align-center\">DANKE AN:<br \/>Klaus,<br \/>Peter,<br \/>Holger,<br \/>Rene,<br \/>Stefan,<br \/>Ingolf,<br \/>Robert,<br \/>Petr,<br \/>Sergej<br \/>und falls ich jemanden vergessen habe:<\/p>\n\n\n\n<p class=\"has-text-align-center\">EUCH ALLEN VIELEN, VIELEN DANK!!!<\/p>\n","protected":false},"excerpt":{"rendered":"<p>Liebe Piko N Sammler Gemeinde, Mittlerweile ist diese Sammler-Seite bereits ganz sch\u00f6n gewachsen. Immer neue Unterthemen werden erschlossen.Da ich&nbsp; allein sicher das alles hier nicht &hellip; <\/p>\n","protected":false},"author":1,"featured_media":0,"parent":11,"menu_order":6,"comment_status":"closed","ping_status":"closed","template":"","meta":{"_uag_custom_page_level_css":"","footnotes":""},"class_list":["post-7922","page","type-page","status-publish","hentry"],"uagb_featured_image_src":{"full":false,"thumbnail":false,"medium":false,"medium_large":false,"large":false,"gs-tiny":false,"xl":false,"xxl":false,"xxxl":false,"xxxxl":false,"xxxxxl":false,"1536x1536":false,"2048x2048":false,"classic-grid-listing":false,"classic-list-listing":false,"modern-grid-listing":false,"product-page-image":false,"product-category-page-image":false,"bam-large":false,"bam-featured":false,"bam-list":false,"bam-thumb":false,"bam-small":false,"mailpoet_newsletter_max":false,"tptn_thumbnail":false},"uagb_author_info":{"display_name":"Harald","author_link":"https:\/\/piko-n-bahn.de\/?author=1"},"uagb_comment_info":0,"uagb_excerpt":"Liebe Piko N Sammler Gemeinde, Mittlerweile ist diese Sammler-Seite bereits ganz sch\u00f6n gewachsen. Immer neue Unterthemen werden erschlossen.Da ich&nbsp; allein sicher das alles hier nicht &hellip;","_links":{"self":[{"href":"https:\/\/piko-n-bahn.de\/index.php?rest_route=\/wp\/v2\/pages\/7922","targetHints":{"allow":["GET"]}}],"collection":[{"href":"https:\/\/piko-n-bahn.de\/index.php?rest_route=\/wp\/v2\/pages"}],"about":[{"href":"https:\/\/piko-n-bahn.de\/index.php?rest_route=\/wp\/v2\/types\/page"}],"author":[{"embeddable":true,"href":"https:\/\/piko-n-bahn.de\/index.php?rest_route=\/wp\/v2\/users\/1"}],"replies":[{"embeddable":true,"href":"https:\/\/piko-n-bahn.de\/index.php?rest_route=%2Fwp%2Fv2%2Fcomments&post=7922"}],"version-history":[{"count":2,"href":"https:\/\/piko-n-bahn.de\/index.php?rest_route=\/wp\/v2\/pages\/7922\/revisions"}],"predecessor-version":[{"id":15941,"href":"https:\/\/piko-n-bahn.de\/index.php?rest_route=\/wp\/v2\/pages\/7922\/revisions\/15941"}],"up":[{"embeddable":true,"href":"https:\/\/piko-n-bahn.de\/index.php?rest_route=\/wp\/v2\/pages\/11"}],"wp:attachment":[{"href":"https:\/\/piko-n-bahn.de\/index.php?rest_route=%2Fwp%2Fv2%2Fmedia&parent=7922"}],"curies":[{"name":"wp","href":"https:\/\/api.w.org\/{rel}","templated":true}]}}