{"id":7964,"date":"2018-06-06T22:20:25","date_gmt":"2018-06-06T20:20:25","guid":{"rendered":"http:\/\/piko-n-bahn.de\/?page_id=7964"},"modified":"2024-12-03T10:56:51","modified_gmt":"2024-12-03T09:56:51","slug":"datenschutzerklaerung","status":"publish","type":"page","link":"https:\/\/piko-n-bahn.de\/?page_id=7964","title":{"rendered":"Datenschutzerkl\u00e4rung"},"content":{"rendered":"\n<h6 class=\"has-text-align-center wp-block-heading\">Datenschutz ist eine Erfindung der M\u00e4chtigen, um zu Verhindern, das ihre Verbrechen \u00f6ffenlich werden. (M. Richling)<\/h6>\n\n\n\n<h2 class=\"has-text-align-center wp-block-heading\">Unsinniges<\/h2>\n\n\n\n<h3 class=\"has-text-align-center wp-block-heading\">Jeder Besuch dieser Seite geschieht deinerseits Freiwillig!<br \/>Jeder denkende Mensch wei\u00df, das er Spuren hinterl\u00e4sst, auch im Internet. Wer da nun Angst hat, das seine Spuren nachvollziehbar sind und Aussagen \u00fcber ihn treffen, der hat im Internet nichts zu suchen und sollte sofort verschwinden.<\/h3>\n\n\n\n<p class=\"has-text-align-center\">Hier nun die sinnlose, aber von der fasch. EU vorgeschriebene Datenschutzerkl\u00e4rung nach einer Vorlage von WORDPRESS:<\/p>\n\n\n\n<h2 class=\"wp-block-heading\">Wer bin ich?<\/h2>\n\n\n\n<p>Dies ist eine Private Webseite von &#8230; (Datenschutz \ud83d\ude09 )<br \/>Die Adresse unserer Website ist: http:\/\/piko-n-bahn.de.<\/p>\n\n\n\n<h2 class=\"wp-block-heading\">Welche personenbezogenen Daten die Seite sammelt und warum<\/h2>\n\n\n\n<h3 class=\"wp-block-heading\">Kommentare<\/h3>\n\n\n\n<p>Wenn Besucher Kommentare auf der Website schreiben, sammelt die Seite die Daten, die im Kommentar-Formular angezeigt werden, au\u00dferdem die IP-Adresse des Besuchers und den User-Agent-String (damit wird der Browser identifiziert), um die Erkennung von Spam zu unterst\u00fctzen.<\/p>\n\n\n\n<p>Aus deiner E-Mail-Adresse kann eine anonymisierte Zeichenfolge erstellt (auch Hash genannt) und dem Gravatar-Dienst \u00fcbergeben werden, um zu pr\u00fcfen, ob du diesen benutzt. Die Datenschutzerkl\u00e4rung des Gravatar-Dienstes findest du hier: https:\/\/automattic.com\/privacy\/. Nachdem dein Kommentar freigegeben wurde, ist dein Profilbild \u00f6ffentlich im Kontext deines Kommentars sichtbar.<\/p>\n\n\n\n<h3 class=\"wp-block-heading\">Medien<\/h3>\n\n\n\n<p>Wenn du ein registrierter Benutzer bist und Fotos auf diese Website l\u00e4dst, solltest du vermeiden, Fotos mit einem EXIF-GPS-Standort hochzuladen. Besucher dieser Website k\u00f6nnten Fotos, die auf dieser Website gespeichert sind, herunterladen und deren Standort-Informationen extrahieren.<\/p>\n\n\n\n<h3 class=\"wp-block-heading\">Kontaktformulare<\/h3>\n\n\n\n<p>Wer Daten in die Formulare eingibt, tut dies freiwillig um Kontakt aufzunehmen. Was da eingegeben wird, wird nat\u00fcrlich zu eben diesem Zweck auch gespeichert.<\/p>\n\n\n\n<h3 class=\"wp-block-heading\">Cookies<\/h3>\n\n\n\n<p>Wenn du einen Kommentar auf unserer Website schreibst, kann das eine Einwilligung sein, deinen Namen, E-Mail-Adresse und Website in Cookies zu speichern. Dies ist eine Komfortfunktion, damit du nicht, wenn du einen weiteren Kommentar schreibst, all diese Daten erneut eingeben musst. Diese Cookies werden ein Jahr lang gespeichert.<\/p>\n\n\n\n<p>Falls du ein Konto hast und dich auf dieser Website anmeldest, wird ein tempor\u00e4res Cookie gesetzt, um festzustellen, ob dein Browser Cookies akzeptiert. Dieses Cookie enth\u00e4lt keine personenbezogenen Daten und wird verworfen, wenn du deinen Browser schlie\u00dft.<\/p>\n\n\n\n<p>Wenn du dich anmeldest, wird die Seite einige Cookies einrichten, um deine Anmeldeinformationen und Anzeigeoptionen zu speichern. Anmelde-Cookies verfallen nach zwei Tagen und Cookies f\u00fcr die Anzeigeoptionen nach einem Jahr. Falls du bei der Anmeldung \u201eAngemeldet bleiben\u201c ausw\u00e4hlst, wird deine Anmeldung zwei Wochen lang aufrechterhalten. Mit der Abmeldung aus deinem Konto werden die Anmelde-Cookies gel\u00f6scht.<\/p>\n\n\n\n<p>Wenn du einen Artikel bearbeitest oder ver\u00f6ffentlichst, wird ein zus\u00e4tzlicher Cookie in deinem Browser gespeichert. Dieser Cookie enth\u00e4lt keine personenbezogenen Daten und verweist nur auf die Beitrags-ID des Artikels, den du gerade bearbeitet hast. Der Cookie verf\u00e4llt nach einem Tag.<\/p>\n\n\n\n<h3 class=\"wp-block-heading\">Eingebettete Inhalte von anderen Websites<\/h3>\n\n\n\n<p>Beitr\u00e4ge auf dieser Website k\u00f6nnen eingebettete Inhalte beinhalten (z.&nbsp;B. Videos, Bilder, Beitr\u00e4ge etc.). Eingebettete Inhalte von anderen Websites verhalten sich exakt so, als ob der Besucher die andere Website besucht h\u00e4tte.<\/p>\n\n\n\n<p>Diese Websites k\u00f6nnen Daten \u00fcber dich sammeln, Cookies benutzen, zus\u00e4tzliche Tracking-Dienste von Dritten einbetten und deine Interaktion mit diesem eingebetteten Inhalt aufzeichnen, inklusive deiner Interaktion mit dem eingebetteten Inhalt, falls du ein Konto hast und auf dieser Website angemeldet bist.<\/p>\n\n\n\n<h3 class=\"wp-block-heading\">Analysedienste<\/h3>\n\n\n\n<h2 class=\"wp-block-heading\">Mit wem wir deine Daten teilen<\/h2>\n\n\n\n<p>Auf dieser Seite laufen einige WordPress-Plugins. Einige arbeiten mit den bereits genannten Informationen.<\/p>\n\n\n\n<h2 class=\"wp-block-heading\">Wie lange wir deine Daten speichern<\/h2>\n\n\n\n<p>Wenn du einen Kommentar schreibst, wird dieser inklusive Metadaten zeitlich unbegrenzt gespeichert. Auf diese Art kann die Seite&nbsp; Folgekommentare automatisch erkennen und freigeben, anstelle sie in einer Moderations-Warteschlange festzuhalten.<\/p>\n\n\n\n<p>F\u00fcr Benutzer, die sich auf unserer Website registrieren, speichert die Seite zus\u00e4tzlich die pers\u00f6nlichen Informationen, die sie in ihren Benutzerprofilen angeben. Alle Benutzer k\u00f6nnen jederzeit ihre pers\u00f6nlichen Informationen einsehen, ver\u00e4ndern oder l\u00f6schen (der Benutzername kann nicht ver\u00e4ndert werden). Administratoren der Website k\u00f6nnen diese Informationen ebenfalls einsehen und ver\u00e4ndern.<\/p>\n\n\n\n<h2 class=\"wp-block-heading\">Welche Rechte du an deinen Daten hast<\/h2>\n\n\n\n<p>Wenn du ein Konto auf dieser Website besitzt oder Kommentare geschrieben hast, kannst du einen Export deiner personenbezogenen Daten bei uns anfordern, inklusive aller Daten, die du uns mitgeteilt hast. Dar\u00fcber hinaus kannst du die L\u00f6schung aller personenbezogenen Daten, die von dir gespeichert wurden, anfordern. Dies umfasst nicht die Daten, die wir aufgrund administrativer, rechtlicher oder sicherheitsrelevanter Notwendigkeiten aufbewahren m\u00fcssen.<\/p>\n\n\n\n<h2 class=\"wp-block-heading\">Wohin wir deine Daten senden<\/h2>\n\n\n\n<p>Besucher-Kommentare k\u00f6nnten von einem automatisierten Dienst zur Spam-Erkennung untersucht werden.<\/p>\n","protected":false},"excerpt":{"rendered":"<p>Datenschutz ist eine Erfindung der M\u00e4chtigen, um zu Verhindern, das ihre Verbrechen \u00f6ffenlich werden. (M. Richling) Unsinniges Jeder Besuch dieser Seite geschieht deinerseits Freiwillig!Jeder denkende &hellip; <\/p>\n","protected":false},"author":1,"featured_media":0,"parent":11,"menu_order":2,"comment_status":"closed","ping_status":"closed","template":"","meta":{"_uag_custom_page_level_css":"","footnotes":""},"class_list":["post-7964","page","type-page","status-publish","hentry"],"uagb_featured_image_src":{"full":false,"thumbnail":false,"medium":false,"medium_large":false,"large":false,"gs-tiny":false,"xl":false,"xxl":false,"xxxl":false,"xxxxl":false,"xxxxxl":false,"1536x1536":false,"2048x2048":false,"classic-grid-listing":false,"classic-list-listing":false,"modern-grid-listing":false,"product-page-image":false,"product-category-page-image":false,"bam-large":false,"bam-featured":false,"bam-list":false,"bam-thumb":false,"bam-small":false,"mailpoet_newsletter_max":false,"tptn_thumbnail":false},"uagb_author_info":{"display_name":"Harald","author_link":"https:\/\/piko-n-bahn.de\/?author=1"},"uagb_comment_info":0,"uagb_excerpt":"Datenschutz ist eine Erfindung der M\u00e4chtigen, um zu Verhindern, das ihre Verbrechen \u00f6ffenlich werden. (M. Richling) Unsinniges Jeder Besuch dieser Seite geschieht deinerseits Freiwillig!Jeder denkende &hellip;","_links":{"self":[{"href":"https:\/\/piko-n-bahn.de\/index.php?rest_route=\/wp\/v2\/pages\/7964","targetHints":{"allow":["GET"]}}],"collection":[{"href":"https:\/\/piko-n-bahn.de\/index.php?rest_route=\/wp\/v2\/pages"}],"about":[{"href":"https:\/\/piko-n-bahn.de\/index.php?rest_route=\/wp\/v2\/types\/page"}],"author":[{"embeddable":true,"href":"https:\/\/piko-n-bahn.de\/index.php?rest_route=\/wp\/v2\/users\/1"}],"replies":[{"embeddable":true,"href":"https:\/\/piko-n-bahn.de\/index.php?rest_route=%2Fwp%2Fv2%2Fcomments&post=7964"}],"version-history":[{"count":1,"href":"https:\/\/piko-n-bahn.de\/index.php?rest_route=\/wp\/v2\/pages\/7964\/revisions"}],"predecessor-version":[{"id":15683,"href":"https:\/\/piko-n-bahn.de\/index.php?rest_route=\/wp\/v2\/pages\/7964\/revisions\/15683"}],"up":[{"embeddable":true,"href":"https:\/\/piko-n-bahn.de\/index.php?rest_route=\/wp\/v2\/pages\/11"}],"wp:attachment":[{"href":"https:\/\/piko-n-bahn.de\/index.php?rest_route=%2Fwp%2Fv2%2Fmedia&parent=7964"}],"curies":[{"name":"wp","href":"https:\/\/api.w.org\/{rel}","templated":true}]}}