{"id":9699,"date":"2018-09-12T05:40:49","date_gmt":"2018-09-12T03:40:49","guid":{"rendered":"http:\/\/piko-n-bahn.de\/?page_id=9699"},"modified":"2021-11-27T18:18:48","modified_gmt":"2021-11-27T17:18:48","slug":"hosse-tt-club","status":"publish","type":"page","link":"https:\/\/piko-n-bahn.de\/?page_id=9699","title":{"rendered":"Hosse \/ TT-Club"},"content":{"rendered":"\n<h2 class=\"has-text-align-center wp-block-heading\">Rekowagen von Hosse \/ TT Club<\/h2>\n\n\n\n<p><\/p>\n\n\n\n<p class=\"has-text-align-center\">Modelle von Rekowagen der Deutschen Reichsbahn der DDR&nbsp;in der Spur N&nbsp;wurden beim&nbsp;Deutschen Modellbahner Verein &#8211; DMV in Klein- und Kleinstserie hergestellt.<br \/>So in Berlin bei der sp\u00e4teren Firma Hosse 4 achs. Rekowagen der DR<\/p>\n\n\n\n<p class=\"has-text-align-center\"><strong>Hosse Modellbahnen Berlin<\/strong>, war ein Hersteller von Modellbahnen und Modellbahnzubeh\u00f6r der Spuren H0, TT und N.<br \/>Der auch als Lektor bekannte Firmengr\u00fcnder Manfred Hosse \u00fcbernahm nach der Wende Teile der Berliner Produktionsst\u00e4tte des ehemaligen Sonneberger VEB Piko Spielwaren. Das Unternehmen Hosse wird seit den 1990er Jahren als Berliner TT-Club Modellbahn &amp; Zubeh\u00f6r weitergef\u00fchrt.<\/p>\n","protected":false},"excerpt":{"rendered":"<p>Rekowagen von Hosse \/ TT Club Modelle von Rekowagen der Deutschen Reichsbahn der DDR&nbsp;in der Spur N&nbsp;wurden beim&nbsp;Deutschen Modellbahner Verein &#8211; DMV in Klein- und &hellip; <\/p>\n","protected":false},"author":1,"featured_media":0,"parent":20,"menu_order":0,"comment_status":"closed","ping_status":"closed","template":"","meta":{"_uag_custom_page_level_css":"","footnotes":""},"class_list":["post-9699","page","type-page","status-publish","hentry"],"uagb_featured_image_src":{"full":false,"thumbnail":false,"medium":false,"medium_large":false,"large":false,"gs-tiny":false,"xl":false,"xxl":false,"xxxl":false,"xxxxl":false,"xxxxxl":false,"1536x1536":false,"2048x2048":false,"classic-grid-listing":false,"classic-list-listing":false,"modern-grid-listing":false,"product-page-image":false,"product-category-page-image":false,"bam-large":false,"bam-featured":false,"bam-list":false,"bam-thumb":false,"bam-small":false,"mailpoet_newsletter_max":false,"tptn_thumbnail":false},"uagb_author_info":{"display_name":"Harald","author_link":"https:\/\/piko-n-bahn.de\/?author=1"},"uagb_comment_info":0,"uagb_excerpt":"Rekowagen von Hosse \/ TT Club Modelle von Rekowagen der Deutschen Reichsbahn der DDR&nbsp;in der Spur N&nbsp;wurden beim&nbsp;Deutschen Modellbahner Verein &#8211; DMV in Klein- und &hellip;","_links":{"self":[{"href":"https:\/\/piko-n-bahn.de\/index.php?rest_route=\/wp\/v2\/pages\/9699","targetHints":{"allow":["GET"]}}],"collection":[{"href":"https:\/\/piko-n-bahn.de\/index.php?rest_route=\/wp\/v2\/pages"}],"about":[{"href":"https:\/\/piko-n-bahn.de\/index.php?rest_route=\/wp\/v2\/types\/page"}],"author":[{"embeddable":true,"href":"https:\/\/piko-n-bahn.de\/index.php?rest_route=\/wp\/v2\/users\/1"}],"replies":[{"embeddable":true,"href":"https:\/\/piko-n-bahn.de\/index.php?rest_route=%2Fwp%2Fv2%2Fcomments&post=9699"}],"version-history":[{"count":0,"href":"https:\/\/piko-n-bahn.de\/index.php?rest_route=\/wp\/v2\/pages\/9699\/revisions"}],"up":[{"embeddable":true,"href":"https:\/\/piko-n-bahn.de\/index.php?rest_route=\/wp\/v2\/pages\/20"}],"wp:attachment":[{"href":"https:\/\/piko-n-bahn.de\/index.php?rest_route=%2Fwp%2Fv2%2Fmedia&parent=9699"}],"curies":[{"name":"wp","href":"https:\/\/api.w.org\/{rel}","templated":true}]}}